{"id":37360,"date":"2019-04-15T09:49:25","date_gmt":"2019-04-15T07:49:25","guid":{"rendered":"http:\/\/www.abratec.it\/condizioni-generali-di-vendita\/"},"modified":"2024-01-25T10:58:51","modified_gmt":"2024-01-25T09:58:51","slug":"condizioni-generali-di-vendita","status":"publish","type":"page","link":"https:\/\/www.abratec.it\/de\/condizioni-generali-di-vendita\/","title":{"rendered":"ALLGEMEINE VERKAUFSBEDINGUNGEN"},"content":{"rendered":"<p>[et_pb_section fb_built=&#8221;1&#8243; fullwidth=&#8221;on&#8221; _builder_version=&#8221;3.22&#8243; background_image=&#8221;https:\/\/www.abratec.it\/wp-content\/uploads\/2017\/09\/abrasivi02.jpg&#8221;][et_pb_fullwidth_post_title meta=&#8221;off&#8221; featured_image=&#8221;off&#8221; text_color=&#8221;light&#8221; text_background=&#8221;on&#8221; text_bg_color=&#8221;rgba(208,0,33,0.9)&#8221; _builder_version=&#8221;3.0.75&#8243; title_text_color=&#8221;#ffffff&#8221; title_font_size=&#8221;32px&#8221; text_orientation=&#8221;center&#8221; max_width=&#8221;65%&#8221; module_alignment=&#8221;center&#8221;][\/et_pb_fullwidth_post_title][\/et_pb_section][et_pb_section fb_built=&#8221;1&#8243; _builder_version=&#8221;3.22&#8243;][et_pb_row _builder_version=&#8221;3.25&#8243; background_size=&#8221;initial&#8221; background_position=&#8221;top_left&#8221; background_repeat=&#8221;repeat&#8221;][et_pb_column type=&#8221;4_4&#8243; _builder_version=&#8221;3.25&#8243; custom_padding=&#8221;|||&#8221; custom_padding__hover=&#8221;|||&#8221;][et_pb_text _builder_version=&#8221;3.27.4&#8243;]<strong>ALLGEMEINE VERKAUFSBEDINGUNGEN<\/strong><\/p>\n<p><strong>PREISE UND G\u00dcLTIGKEIT<\/strong> &#8211; Die in der aktuellen Preisliste angegebenen Preise verstehen sich zuz\u00fcglich aller Nebenkosten und f\u00fcr Waren, die kostenlos an unser Lager geliefert werden. Die Transportkosten werden in der Regel dem Kunden in Rechnung gestellt. ABRATEC S.r.l. beh\u00e4lt sich das Recht vor, \u00c4nderungen ohne vorherige Ank\u00fcndigung vorzunehmen.<\/p>\n<p><strong>EIGENSCHAFTEN<\/strong> &#8211; Im Hinblick auf die Verbesserung des Produkts beh\u00e4lt sich ABRATEC S.r.l. das Recht vor, \u00c4nderungen ohne vorherige Ank\u00fcndigung vorzunehmen.<\/p>\n<p><strong>VERPACKUNG<\/strong> &#8211; Sofern nicht ausdr\u00fccklich angegeben, ist die Umverpackung im Preis inbegriffen.<\/p>\n<p><strong>VERSAND<\/strong> &#8211; Sofern nicht ausdr\u00fccklich angegeben, erfolgt der Versand auf dem f\u00fcr am besten geeigneten Weg. Die Ware reist auf Gefahr und Gefahr des Kunden, auch wenn sie sich im Freihafen befindet. ABRATEC S.r.l. haftet nicht f\u00fcr Sch\u00e4den oder Missverst\u00e4ndnisse, die dem Frachtf\u00fchrer zuzurechnen sind.<\/p>\n<p><strong>ANNAHMEBESTELLUNGEN<\/strong> &#8211; ABRATEC S.r.l. beh\u00e4lt sich das Recht vor, erhaltene Bestellungen nicht anzunehmen, eventuell eine Best\u00e4tigung oder Stornierung der erhaltenen Bestellung. Alle Bestellungen m\u00fcssen an die Zentrale in Florenz (FI) gerichtet werden.<br \/>\nAuftragsbest\u00e4tigung &#8211; gilt als stillschweigend in allen Teilen akzeptiert, nichts nach 48 Stunden ab dem Datum des Versands der &#8220;Auftragsbest\u00e4tigung&#8221; oder ab dem Datum des Eingangs derselben bei Versand per Einschreiben mit R\u00fcckschein, Fax oder E-Mail.<\/p>\n<p><strong>LIEFERUNG<\/strong> &#8211; Die in der Best\u00e4tigung angegebenen Lieferbedingungen werden so weit wie m\u00f6glich eingehalten. Sie \u00fcbernimmt keine Verantwortung f\u00fcr Verz\u00f6gerungen, die sich aus h\u00f6herer Gewalt oder Umst\u00e4nden ergeben, die au\u00dferhalb ihrer Kontrolle liegen.<\/p>\n<p><strong>ZAHLUNG<\/strong> &#8211; Kann bei der Bestellung mit einem Skonto von 3% oder per Bankbeleg bei 30 Tagen f.m.d.f. netto erfolgen. Zahlungen mit anderen L\u00f6sungen m\u00fcssen zum Zeitpunkt der Auftragsbest\u00e4tigung ausdr\u00fccklich gew\u00fcnscht und akzeptiert werden.<\/p>\n<p><strong>Reklamationen<\/strong> &#8211; Reklamationen m\u00fcssen innerhalb von 8 Tagen nach Erhalt der Ware erfolgen. ABRATEC S.r.l. kann nicht f\u00fcr Fehlmengen oder Sch\u00e4den aufgrund von Manipulationen oder besch\u00e4digten Verpackungen haftbar gemacht werden.<\/p>\n<p><strong>R\u00dcCKGABE<\/strong> &#8211; Wir akzeptieren nur nach ausdr\u00fccklicher Genehmigung und auf jeden Fall innerhalb von 15 Tagen ab Rechnungsdatum.<\/p>\n<p><strong>MUSTER<\/strong> &#8211; Sie werden in Rechnung gestellt, sofern nicht von Fall zu Fall anders vereinbart.<\/p>\n<p>Hinweis: F\u00fcr alles, was nicht ausdr\u00fccklich vorgesehen ist, gelten die Allgemeinen Gesch\u00e4ftsbedingungen f\u00fcr Handelsvertr\u00e4ge. F\u00fcr alle Streitigkeiten zwischen den Parteien wird vereinbart, dass das zust\u00e4ndige Gericht ausschlie\u00dflich das von Florenz ist.<br \/>\n[\/et_pb_text][\/et_pb_column][\/et_pb_row][\/et_pb_section][et_pb_section fb_built=&#8221;1&#8243; admin_label=&#8221;Section&#8221; _builder_version=&#8221;3.6&#8243; background_color=&#8221;#3c3d41&#8243; custom_padding=&#8221;0px||0px|&#8221; transparent_background=&#8221;off&#8221; padding_mobile=&#8221;on&#8221; global_module=&#8221;37429&#8243;][et_pb_row column_structure=&#8221;1_2,1_4,1_4&#8243; use_custom_gutter=&#8221;on&#8221; gutter_width=&#8221;2&#8243; column_padding_mobile=&#8221;on&#8221; admin_label=&#8221;Row&#8221; _builder_version=&#8221;3.25&#8243; background_size=&#8221;initial&#8221; background_position=&#8221;top_left&#8221; background_repeat=&#8221;repeat&#8221; custom_padding=&#8221;50px||60px|&#8221;][et_pb_column type=&#8221;1_2&#8243; _builder_version=&#8221;3.25&#8243; custom_padding=&#8221;|||&#8221; custom_padding__hover=&#8221;|||&#8221;][et_pb_text admin_label=&#8221;Text&#8221; _builder_version=&#8221;3.27.4&#8243; text_font=&#8221;Raleway|on|||&#8221; text_text_color=&#8221;#ffffff&#8221; text_font_size=&#8221;28&#8243; text_line_height=&#8221;1.4em&#8221; background_size=&#8221;initial&#8221; background_position=&#8221;top_left&#8221; background_repeat=&#8221;repeat&#8221; module_alignment=&#8221;left&#8221; custom_margin=&#8221;||8px|&#8221; custom_css_main_element=&#8221;font-weight: 900;&#8221;]<\/p>\n<p>ABRATEC srl<\/p>\n<p>[\/et_pb_text][et_pb_text admin_label=&#8221;Text&#8221; _builder_version=&#8221;3.27.4&#8243; text_font=&#8221;Source Sans Pro||||&#8221; text_text_color=&#8221;#aaaaaa&#8221; text_font_size=&#8221;16&#8243; text_line_height=&#8221;1.5em&#8221; background_size=&#8221;initial&#8221; background_position=&#8221;top_left&#8221; background_repeat=&#8221;repeat&#8221; max_width=&#8221;300px&#8221; module_alignment=&#8221;left&#8221; custom_margin=&#8221;||30px|&#8221; custom_margin_tablet=&#8221;||10px|&#8221; custom_margin_phone=&#8221;&#8221; custom_margin_last_edited=&#8221;on|tablet&#8221; custom_padding=&#8221;0px|||&#8221; hover_enabled=&#8221;0&#8243;]<\/p>\n<p>Via Datini,23 &#8211; 50126 Firenze &#8211; Italia Tel +39-055-6812093 &#8211; +39-055-6813259 Fax +39-055-6813049<\/p>\n<p>[\/et_pb_text][et_pb_text admin_label=&#8221;Text&#8221; _builder_version=&#8221;4.2&#8243; text_font=&#8221;Source Sans Pro||||&#8221; text_text_color=&#8221;#aaaaaa&#8221; text_font_size=&#8221;12&#8243; text_line_height=&#8221;1.5em&#8221; background_size=&#8221;initial&#8221; background_position=&#8221;top_left&#8221; background_repeat=&#8221;repeat&#8221; max_width=&#8221;300px&#8221; module_alignment=&#8221;left&#8221; custom_padding=&#8221;0px|||&#8221; hover_enabled=&#8221;0&#8243;]<\/p>\n<p>\u00a9 2024 Abratec srl &#8211; C.F. &amp; P.I. 04888570480 \u2013 R.E.A. 497881<\/p>\n<p>[\/et_pb_text][\/et_pb_column][et_pb_column type=&#8221;1_4&#8243; _builder_version=&#8221;3.25&#8243; custom_padding=&#8221;|||&#8221; custom_padding__hover=&#8221;|||&#8221;][et_pb_text admin_label=&#8221;Text&#8221; _builder_version=&#8221;3.27.4&#8243; text_font=&#8221;Source Sans Pro|on|||&#8221; text_text_color=&#8221;#666666&#8243; text_font_size=&#8221;18&#8243; text_line_height=&#8221;1.4em&#8221; background_size=&#8221;initial&#8221; background_position=&#8221;top_left&#8221; background_repeat=&#8221;repeat&#8221; module_alignment=&#8221;left&#8221; custom_margin=&#8221;||8px|&#8221;]<\/p>\n<p>MENU<\/p>\n<p>[\/et_pb_text][et_pb_text admin_label=&#8221;Text&#8221; _builder_version=&#8221;3.27.4&#8243; text_font=&#8221;Source Sans Pro||||&#8221; text_text_color=&#8221;#ffffff&#8221; text_font_size=&#8221;18&#8243; text_line_height=&#8221;2.2em&#8221; background_size=&#8221;initial&#8221; background_position=&#8221;top_left&#8221; background_repeat=&#8221;repeat&#8221; module_alignment=&#8221;left&#8221; custom_padding=&#8221;0px|||&#8221;]<\/p>\n<p><span style=\"color: #ffffff;\"><a style=\"color: #ffffff;\" href=\"https:\/\/www.abratec.it\/de\/\">Startseite<\/a><\/span><br \/><span style=\"color: #ffffff;\"><a style=\"color: #ffffff;\" href=\"https:\/\/www.abratec.it\/de\/chi-siamo\/\">\u00dcber uns<\/a><\/span><br \/><span style=\"color: #ffffff;\"><a style=\"color: #ffffff;\" href=\"https:\/\/www.abratec.it\/de\/prodotti\/\">Produkte<\/a><\/span><br \/><span style=\"color: #ffffff;\"><a style=\"color: #ffffff;\" href=\"https:\/\/www.abratec.it\/de\/contatti\/\">Kontakt<\/a><\/span><\/p>\n<p>[\/et_pb_text][et_pb_text admin_label=&#8221;Text&#8221; _builder_version=&#8221;3.27.4&#8243; text_font=&#8221;Source Sans Pro||||&#8221; text_text_color=&#8221;#ffffff&#8221; text_font_size=&#8221;18&#8243; text_line_height=&#8221;1.3em&#8221; link_font_size=&#8221;13px&#8221; link_line_height=&#8221;0.4em&#8221; header_4_text_color=&#8221;#ffffff&#8221; header_4_font_size=&#8221;14px&#8221; background_size=&#8221;initial&#8221; background_position=&#8221;top_left&#8221; background_repeat=&#8221;repeat&#8221; module_alignment=&#8221;left&#8221; custom_padding=&#8221;0px|||&#8221;]<\/p>\n<h4>Rechtliche Hinweise<\/h4>\n<p><span style=\"color: #ffffff;\"><a style=\"color: #ffffff;\" href=\"https:\/\/www.abratec.it\/de\/informativa-sul-trattamento-dei-dati-personali\/\">Privacy<\/a><br \/><a style=\"color: #ffffff;\" href=\"https:\/\/www.abratec.it\/de\/condizioni-generali-di-vendita\/\">Algemeine Verkaufsbedingungen<\/a><\/span><\/p>\n<p>[\/et_pb_text][\/et_pb_column][et_pb_column type=&#8221;1_4&#8243; _builder_version=&#8221;3.25&#8243; custom_padding=&#8221;|||&#8221; custom_padding__hover=&#8221;|||&#8221;][\/et_pb_column][\/et_pb_row][\/et_pb_section]<\/p>\n","protected":false},"excerpt":{"rendered":"<p>ALLGEMEINE VERKAUFSBEDINGUNGEN PREISE UND G\u00dcLTIGKEIT &#8211; Die in der aktuellen Preisliste angegebenen Preise verstehen sich zuz\u00fcglich aller Nebenkosten und f\u00fcr Waren, die kostenlos an unser Lager geliefert werden. Die Transportkosten werden in der Regel dem Kunden in Rechnung gestellt. ABRATEC S.r.l. beh\u00e4lt sich das Recht vor, \u00c4nderungen ohne vorherige Ank\u00fcndigung vorzunehmen. EIGENSCHAFTEN &#8211; Im Hinblick [&hellip;]<\/p>\n","protected":false},"author":1,"featured_media":0,"parent":0,"menu_order":0,"comment_status":"closed","ping_status":"closed","template":"","meta":{"_et_pb_use_builder":"on","_et_pb_old_content":"","_et_gb_content_width":"","footnotes":""},"class_list":["post-37360","page","type-page","status-publish","hentry"],"_links":{"self":[{"href":"https:\/\/www.abratec.it\/de\/wp-json\/wp\/v2\/pages\/37360"}],"collection":[{"href":"https:\/\/www.abratec.it\/de\/wp-json\/wp\/v2\/pages"}],"about":[{"href":"https:\/\/www.abratec.it\/de\/wp-json\/wp\/v2\/types\/page"}],"author":[{"embeddable":true,"href":"https:\/\/www.abratec.it\/de\/wp-json\/wp\/v2\/users\/1"}],"replies":[{"embeddable":true,"href":"https:\/\/www.abratec.it\/de\/wp-json\/wp\/v2\/comments?post=37360"}],"version-history":[{"count":7,"href":"https:\/\/www.abratec.it\/de\/wp-json\/wp\/v2\/pages\/37360\/revisions"}],"predecessor-version":[{"id":38148,"href":"https:\/\/www.abratec.it\/de\/wp-json\/wp\/v2\/pages\/37360\/revisions\/38148"}],"wp:attachment":[{"href":"https:\/\/www.abratec.it\/de\/wp-json\/wp\/v2\/media?parent=37360"}],"curies":[{"name":"wp","href":"https:\/\/api.w.org\/{rel}","templated":true}]}}