{"id":37171,"date":"2018-03-10T23:50:19","date_gmt":"2018-03-10T22:50:19","guid":{"rendered":"http:\/\/www.abratec.it\/?page_id=37171"},"modified":"2024-01-25T11:02:02","modified_gmt":"2024-01-25T10:02:02","slug":"mole-abrasive","status":"publish","type":"page","link":"https:\/\/www.abratec.it\/de\/produkte\/mole-abrasive\/","title":{"rendered":"SCHLEIFSCHEIBEN"},"content":{"rendered":"<p>[et_pb_section fb_built=&#8221;1&#8243; fullwidth=&#8221;on&#8221; _builder_version=&#8221;3.22&#8243; background_image=&#8221;https:\/\/www.abratec.it\/wp-content\/uploads\/2018\/03\/moli-abrasive-header.jpg&#8221; parallax=&#8221;on&#8221; custom_margin=&#8221;|||&#8221; custom_padding=&#8221;200px|||&#8221; filter_brightness=&#8221;105%&#8221; top_divider_color=&#8221;rgba(208,0,33,0.52)&#8221; top_divider_height=&#8221;49px&#8221;][et_pb_fullwidth_post_title meta=&#8221;off&#8221; featured_image=&#8221;off&#8221; text_color=&#8221;light&#8221; text_background=&#8221;on&#8221; text_bg_color=&#8221;rgba(208,0,33,0.9)&#8221; _builder_version=&#8221;3.0.105&#8243; title_text_color=&#8221;#ffffff&#8221; title_font_size=&#8221;32px&#8221; background_size=&#8221;initial&#8221; background_position=&#8221;top_left&#8221; background_repeat=&#8221;repeat&#8221; text_orientation=&#8221;center&#8221; max_width=&#8221;65%&#8221; module_alignment=&#8221;center&#8221; custom_margin=&#8221;||0px|&#8221; custom_padding=&#8221;||0px|&#8221;][\/et_pb_fullwidth_post_title][\/et_pb_section][et_pb_section fb_built=&#8221;1&#8243; module_id=&#8221;layouts&#8221; _builder_version=&#8221;3.22&#8243; custom_padding=&#8221;142px|0px|54px|0px&#8221;][et_pb_row column_structure=&#8221;1_2,1_2&#8243; _builder_version=&#8221;3.25&#8243; background_size=&#8221;initial&#8221; background_position=&#8221;top_left&#8221; background_repeat=&#8221;repeat&#8221; custom_padding=&#8221;18px|0px|27px|0px&#8221;][et_pb_column type=&#8221;1_2&#8243; _builder_version=&#8221;3.25&#8243; custom_padding=&#8221;|||&#8221; custom_padding__hover=&#8221;|||&#8221;][et_pb_image src=&#8221;https:\/\/www.abratec.it\/wp-content\/uploads\/2018\/03\/mole1-e1520690767872.jpg&#8221; align_tablet=&#8221;center&#8221; align_phone=&#8221;&#8221; align_last_edited=&#8221;on|desktop&#8221; admin_label=&#8221;Image&#8221; module_class=&#8221;et_animated et_animated et_animated et_animated&#8221; _builder_version=&#8221;3.23&#8243; animation_style=&#8221;slide&#8221; animation_direction=&#8221;right&#8221; animation_duration=&#8221;500ms&#8221; animation_intensity_slide=&#8221;10%&#8221; animation=&#8221;right&#8221;][\/et_pb_image][\/et_pb_column][et_pb_column type=&#8221;1_2&#8243; _builder_version=&#8221;3.25&#8243; custom_padding=&#8221;|||&#8221; custom_padding__hover=&#8221;|||&#8221;][et_pb_text disabled_on=&#8221;on|on|off&#8221; _builder_version=&#8221;3.27.4&#8243;]<\/p>\n<p><span>Abratec arbeitet seit Jahren mit eigenen technischen Kaufm\u00e4nnern auf dem Markt der Schleifscheiben f\u00fcr industrielles Sch\u00e4rfen und Schleifen, wobei der technische Kundenservice immer im Vordergrund steht.<\/span><\/p>\n<p><span>Wir fertigen Schleifscheiben mit Durchmessern von 3 bis 1000 mm mit unterschiedlichen Keramik- und Kunstharzbindungen. Neben den Schleifscheiben mit normaler Arbeitsgeschwindigkeit bieten wir auch Schleifscheiben mit besonders schneller Geschwindigkeit (bis zu 80 m\/s), wobei verschiedene Schleifmittel verwendet werden, die mehr oder weniger hochwertig sind oder je nach Anwendung der Schleifscheibe gemischt werden und in verschiedensten Formen und Varianten gefertigt werden.<\/span><\/p>\n<p><span>Da Schleifscheiben nie identisch sind, ben\u00f6tigen wir alle n\u00fctzlichen Informationen, um Ihnen die beste L\u00f6sung vorzuschlagen, die wir dank unserer Erfahrung entwickeln, und sie dann umzusetzen.<\/span><\/p>\n<p>[\/et_pb_text][\/et_pb_column][\/et_pb_row][et_pb_row column_structure=&#8221;1_2,1_2&#8243; _builder_version=&#8221;3.25&#8243; background_size=&#8221;initial&#8221; background_position=&#8221;top_left&#8221; background_repeat=&#8221;repeat&#8221; custom_padding=&#8221;16px|0px|27px|0px&#8221;][et_pb_column type=&#8221;1_2&#8243; _builder_version=&#8221;3.25&#8243; custom_padding=&#8221;|||&#8221; custom_padding__hover=&#8221;|||&#8221;][et_pb_text _builder_version=&#8221;3.27.4&#8243; text_orientation=&#8221;right&#8221;]<\/p>\n<p><span>Die Merkmale des Arbeitsst\u00fccks, seine Form und Gr\u00f6\u00dfe, die W\u00e4rmebehandlung, die zu erreichende Feinbearbeitung, die Maschine f\u00fcr die Verarbeitung des St\u00fccks und schlu\u00dfendlich sogar die Arbeitsgewohnheiten der Bedienungsperson sind nur einige der Variablen, die bei der Entwicklung und Fertigung der Schleifscheibe ber\u00fccksichtigt werden m\u00fcssen.<\/span><span>\u00a0<\/span><\/p>\n<p><span>Geben Sie uns so viele Informationen wie m\u00f6glich und erz\u00e4hlen Sie uns Ihre Erfahrungen (auch negative Erfahrungen)<\/span><span>. <\/span><\/p>\n<p><span>Alles tr\u00e4gt dazu bei, die preisg\u00fcnstigste und effizienteste L\u00f6sung f\u00fcr Ihren Arbeitsvorgang zu finden. <\/span><\/p>\n<p>[\/et_pb_text][\/et_pb_column][et_pb_column type=&#8221;1_2&#8243; _builder_version=&#8221;3.25&#8243; custom_padding=&#8221;|||&#8221; custom_padding__hover=&#8221;|||&#8221;][et_pb_image src=&#8221;https:\/\/www.abratec.it\/wp-content\/uploads\/2018\/03\/mole-1-e1520690605389.jpg&#8221; align_tablet=&#8221;center&#8221; align_phone=&#8221;&#8221; align_last_edited=&#8221;on|desktop&#8221; admin_label=&#8221;Image&#8221; module_class=&#8221;et_animated et_animated et_animated et_animated&#8221; _builder_version=&#8221;3.23&#8243; animation_style=&#8221;slide&#8221; animation_direction=&#8221;left&#8221; animation_duration=&#8221;500ms&#8221; animation_intensity_slide=&#8221;10%&#8221;][\/et_pb_image][\/et_pb_column][\/et_pb_row][\/et_pb_section][et_pb_section fb_built=&#8221;1&#8243; _builder_version=&#8221;3.22&#8243; background_color=&#8221;#f2f2f2&#8243; custom_padding=&#8221;0px|0px|0px|0px&#8221;][et_pb_row module_class=&#8221; et_pb_row_fullwidth&#8221; _builder_version=&#8221;3.25&#8243; width=&#8221;89%&#8221; width_tablet=&#8221;80%&#8221; width_phone=&#8221;&#8221; width_last_edited=&#8221;on|desktop&#8221; max_width=&#8221;89%&#8221; max_width_tablet=&#8221;80%&#8221; max_width_phone=&#8221;&#8221; max_width_last_edited=&#8221;on|desktop&#8221; make_fullwidth=&#8221;on&#8221;][et_pb_column type=&#8221;4_4&#8243; _builder_version=&#8221;3.25&#8243; custom_padding=&#8221;|||&#8221; custom_padding__hover=&#8221;|||&#8221;][et_pb_button button_url=&#8221;https:\/\/www.abratec.it\/de\/contatti\/&#8221; button_text=&#8221;F\u00fcr weitere Informationen kontaktieren Sie uns bitte unter&#8221; button_alignment=&#8221;center&#8221; _builder_version=&#8221;3.16&#8243; custom_button=&#8221;on&#8221; button_bg_color=&#8221;#ffffff&#8221; button_text_size__hover_enabled=&#8221;off&#8221; button_one_text_size__hover_enabled=&#8221;off&#8221; button_two_text_size__hover_enabled=&#8221;off&#8221; button_text_color__hover_enabled=&#8221;off&#8221; button_one_text_color__hover_enabled=&#8221;off&#8221; button_two_text_color__hover_enabled=&#8221;off&#8221; button_border_width__hover_enabled=&#8221;off&#8221; button_one_border_width__hover_enabled=&#8221;off&#8221; button_two_border_width__hover_enabled=&#8221;off&#8221; button_border_color__hover_enabled=&#8221;off&#8221; button_one_border_color__hover_enabled=&#8221;off&#8221; button_two_border_color__hover_enabled=&#8221;off&#8221; button_border_radius__hover_enabled=&#8221;off&#8221; button_one_border_radius__hover_enabled=&#8221;off&#8221; button_two_border_radius__hover_enabled=&#8221;off&#8221; button_letter_spacing__hover_enabled=&#8221;off&#8221; button_one_letter_spacing__hover_enabled=&#8221;off&#8221; button_two_letter_spacing__hover_enabled=&#8221;off&#8221; button_bg_color__hover_enabled=&#8221;off&#8221; button_one_bg_color__hover_enabled=&#8221;off&#8221; button_two_bg_color__hover_enabled=&#8221;off&#8221;][\/et_pb_button][\/et_pb_column][\/et_pb_row][\/et_pb_section][et_pb_section fb_built=&#8221;1&#8243; admin_label=&#8221;Section&#8221; _builder_version=&#8221;3.22&#8243; background_color=&#8221;#3c3d41&#8243; custom_padding=&#8221;0px||0px|&#8221; transparent_background=&#8221;off&#8221; padding_mobile=&#8221;on&#8221; global_module=&#8221;37429&#8243;][et_pb_row column_structure=&#8221;1_2,1_4,1_4&#8243; use_custom_gutter=&#8221;on&#8221; gutter_width=&#8221;2&#8243; column_padding_mobile=&#8221;on&#8221; admin_label=&#8221;Row&#8221; _builder_version=&#8221;3.25&#8243; background_size=&#8221;initial&#8221; background_position=&#8221;top_left&#8221; background_repeat=&#8221;repeat&#8221; custom_padding=&#8221;50px||60px|&#8221;][et_pb_column type=&#8221;1_2&#8243; _builder_version=&#8221;3.25&#8243; custom_padding=&#8221;|||&#8221; custom_padding__hover=&#8221;|||&#8221;][et_pb_text admin_label=&#8221;Text&#8221; _builder_version=&#8221;3.27.4&#8243; text_font=&#8221;Raleway|on|||&#8221; text_text_color=&#8221;#ffffff&#8221; text_font_size=&#8221;28&#8243; text_line_height=&#8221;1.4em&#8221; background_size=&#8221;initial&#8221; background_position=&#8221;top_left&#8221; background_repeat=&#8221;repeat&#8221; module_alignment=&#8221;left&#8221; custom_margin=&#8221;||8px|&#8221; custom_css_main_element=&#8221;font-weight: 900;&#8221;]<\/p>\n<p>ABRATEC srl<\/p>\n<p>[\/et_pb_text][et_pb_text admin_label=&#8221;Text&#8221; _builder_version=&#8221;3.27.4&#8243; text_font=&#8221;Source Sans Pro||||&#8221; text_text_color=&#8221;#aaaaaa&#8221; text_font_size=&#8221;16&#8243; text_line_height=&#8221;1.5em&#8221; background_size=&#8221;initial&#8221; background_position=&#8221;top_left&#8221; background_repeat=&#8221;repeat&#8221; max_width=&#8221;300px&#8221; module_alignment=&#8221;left&#8221; custom_margin=&#8221;||30px|&#8221; custom_margin_tablet=&#8221;||10px|&#8221; custom_margin_phone=&#8221;&#8221; custom_margin_last_edited=&#8221;on|tablet&#8221; custom_padding=&#8221;0px|||&#8221;]<\/p>\n<p>Via Datini,23 &#8211; 50126 Firenze &#8211; Italia Tel +39-055-6812093 &#8211; +39-055-6813259 Fax +39-055-6813049<\/p>\n<p>[\/et_pb_text][et_pb_text admin_label=&#8221;Text&#8221; _builder_version=&#8221;4.2&#8243; text_font=&#8221;Source Sans Pro||||&#8221; text_text_color=&#8221;#aaaaaa&#8221; text_font_size=&#8221;12&#8243; text_line_height=&#8221;1.5em&#8221; background_size=&#8221;initial&#8221; background_position=&#8221;top_left&#8221; background_repeat=&#8221;repeat&#8221; max_width=&#8221;300px&#8221; module_alignment=&#8221;left&#8221; custom_padding=&#8221;0px|||&#8221;]<\/p>\n<p>\u00a9 2024 Abratec srl &#8211; C.F. &amp; P.I. 04888570480 \u2013 R.E.A. 497881<\/p>\n<p>[\/et_pb_text][\/et_pb_column][et_pb_column type=&#8221;1_4&#8243; _builder_version=&#8221;3.25&#8243; custom_padding=&#8221;|||&#8221; custom_padding__hover=&#8221;|||&#8221;][et_pb_text admin_label=&#8221;Text&#8221; _builder_version=&#8221;3.27.4&#8243; text_font=&#8221;Source Sans Pro|on|||&#8221; text_text_color=&#8221;#666666&#8243; text_font_size=&#8221;18&#8243; text_line_height=&#8221;1.4em&#8221; background_size=&#8221;initial&#8221; background_position=&#8221;top_left&#8221; background_repeat=&#8221;repeat&#8221; module_alignment=&#8221;left&#8221; custom_margin=&#8221;||8px|&#8221;]<\/p>\n<p>MENU<\/p>\n<p>[\/et_pb_text][et_pb_text admin_label=&#8221;Text&#8221; _builder_version=&#8221;3.27.4&#8243; text_font=&#8221;Source Sans Pro||||&#8221; text_text_color=&#8221;#ffffff&#8221; text_font_size=&#8221;18&#8243; text_line_height=&#8221;2.2em&#8221; background_size=&#8221;initial&#8221; background_position=&#8221;top_left&#8221; background_repeat=&#8221;repeat&#8221; module_alignment=&#8221;left&#8221; custom_padding=&#8221;0px|||&#8221;]<\/p>\n<p><span style=\"color: #ffffff;\"><a style=\"color: #ffffff;\" href=\"https:\/\/www.abratec.it\/de\/\">Startseite<\/a><\/span><br \/><span style=\"color: #ffffff;\"><a style=\"color: #ffffff;\" href=\"https:\/\/www.abratec.it\/de\/chi-siamo\/\">\u00dcber uns<\/a><\/span><br \/><span style=\"color: #ffffff;\"><a style=\"color: #ffffff;\" href=\"https:\/\/www.abratec.it\/de\/prodotti\/\">Produkte<\/a><\/span><br \/><span style=\"color: #ffffff;\"><a style=\"color: #ffffff;\" href=\"https:\/\/www.abratec.it\/de\/contatti\/\">Kontakt<\/a><\/span><\/p>\n<p>[\/et_pb_text][et_pb_text admin_label=&#8221;Text&#8221; _builder_version=&#8221;3.27.4&#8243; text_font=&#8221;Source Sans Pro||||&#8221; text_text_color=&#8221;#ffffff&#8221; text_font_size=&#8221;18&#8243; text_line_height=&#8221;1.3em&#8221; link_font_size=&#8221;13px&#8221; link_line_height=&#8221;0.4em&#8221; header_4_text_color=&#8221;#ffffff&#8221; header_4_font_size=&#8221;14px&#8221; background_size=&#8221;initial&#8221; background_position=&#8221;top_left&#8221; background_repeat=&#8221;repeat&#8221; module_alignment=&#8221;left&#8221; custom_padding=&#8221;0px|||&#8221;]<\/p>\n<h4>Rechtliche Hinweise<\/h4>\n<p><span style=\"color: #ffffff;\"><a style=\"color: #ffffff;\" href=\"https:\/\/www.abratec.it\/de\/informativa-sul-trattamento-dei-dati-personali\/\">Privacy<\/a><br \/><a style=\"color: #ffffff;\" href=\"https:\/\/www.abratec.it\/de\/condizioni-generali-di-vendita\/\">Algemeine Verkaufsbedingungen<\/a><\/span><\/p>\n<p>[\/et_pb_text][\/et_pb_column][et_pb_column type=&#8221;1_4&#8243; _builder_version=&#8221;3.25&#8243; custom_padding=&#8221;|||&#8221; custom_padding__hover=&#8221;|||&#8221;][\/et_pb_column][\/et_pb_row][\/et_pb_section]<\/p>\n","protected":false},"excerpt":{"rendered":"<p>Abratec arbeitet seit Jahren mit eigenen technischen Kaufm\u00e4nnern auf dem Markt der Schleifscheiben f\u00fcr industrielles Sch\u00e4rfen und Schleifen, wobei der technische Kundenservice immer im Vordergrund steht. Wir fertigen Schleifscheiben mit Durchmessern von 3 bis 1000 mm mit unterschiedlichen Keramik- und Kunstharzbindungen. Neben den Schleifscheiben mit normaler Arbeitsgeschwindigkeit bieten wir auch Schleifscheiben mit besonders schneller Geschwindigkeit [&hellip;]<\/p>\n","protected":false},"author":2,"featured_media":0,"parent":36706,"menu_order":0,"comment_status":"closed","ping_status":"closed","template":"","meta":{"_et_pb_use_builder":"on","_et_pb_old_content":"","_et_gb_content_width":"","footnotes":""},"class_list":["post-37171","page","type-page","status-publish","hentry"],"_links":{"self":[{"href":"https:\/\/www.abratec.it\/de\/wp-json\/wp\/v2\/pages\/37171"}],"collection":[{"href":"https:\/\/www.abratec.it\/de\/wp-json\/wp\/v2\/pages"}],"about":[{"href":"https:\/\/www.abratec.it\/de\/wp-json\/wp\/v2\/types\/page"}],"author":[{"embeddable":true,"href":"https:\/\/www.abratec.it\/de\/wp-json\/wp\/v2\/users\/2"}],"replies":[{"embeddable":true,"href":"https:\/\/www.abratec.it\/de\/wp-json\/wp\/v2\/comments?post=37171"}],"version-history":[{"count":7,"href":"https:\/\/www.abratec.it\/de\/wp-json\/wp\/v2\/pages\/37171\/revisions"}],"predecessor-version":[{"id":38172,"href":"https:\/\/www.abratec.it\/de\/wp-json\/wp\/v2\/pages\/37171\/revisions\/38172"}],"up":[{"embeddable":true,"href":"https:\/\/www.abratec.it\/de\/wp-json\/wp\/v2\/pages\/36706"}],"wp:attachment":[{"href":"https:\/\/www.abratec.it\/de\/wp-json\/wp\/v2\/media?parent=37171"}],"curies":[{"name":"wp","href":"https:\/\/api.w.org\/{rel}","templated":true}]}}