{"id":37087,"date":"2018-03-10T22:44:36","date_gmt":"2018-03-10T21:44:36","guid":{"rendered":"http:\/\/www.abratec.it\/?page_id=37087"},"modified":"2018-03-10T23:01:59","modified_gmt":"2018-03-10T22:01:59","slug":"levigatura-ad-espansione","status":"publish","type":"page","link":"https:\/\/www.abratec.it\/de\/produkte\/levigatura-ad-espansione\/","title":{"rendered":"Expansions- HONWERKZEUGE"},"content":{"rendered":"<p>[et_pb_section fb_built=&#8221;1&#8243; fullwidth=&#8221;on&#8221; _builder_version=&#8221;3.0.105&#8243; background_image=&#8221;http:\/\/www.abratec.it\/wp-content\/uploads\/2018\/03\/LEVIGATURA-2000-e1520614660925.jpg&#8221; custom_margin=&#8221;|||&#8221; custom_padding=&#8221;200px|||&#8221; filter_brightness=&#8221;105%&#8221; top_divider_color=&#8221;rgba(208,0,33,0.52)&#8221; top_divider_height=&#8221;49px&#8221;][et_pb_fullwidth_post_title meta=&#8221;off&#8221; featured_image=&#8221;off&#8221; text_color=&#8221;light&#8221; text_background=&#8221;on&#8221; text_bg_color=&#8221;rgba(208,0,33,0.9)&#8221; _builder_version=&#8221;3.0.105&#8243; title_font_size=&#8221;32px&#8221; title_text_color=&#8221;#ffffff&#8221; background_size=&#8221;initial&#8221; background_position=&#8221;top_left&#8221; background_repeat=&#8221;repeat&#8221; text_orientation=&#8221;center&#8221; max_width=&#8221;65%&#8221; module_alignment=&#8221;center&#8221; custom_margin=&#8221;||0px|&#8221; custom_padding=&#8221;||0px|&#8221;][\/et_pb_fullwidth_post_title][\/et_pb_section][et_pb_section fb_built=&#8221;1&#8243; module_id=&#8221;layouts&#8221; _builder_version=&#8221;3.0.47&#8243; custom_padding=&#8221;142px|0px|54px|0px&#8221;][et_pb_row custom_padding=&#8221;18px|0px|27px|0px&#8221; _builder_version=&#8221;3.0.47&#8243; background_size=&#8221;initial&#8221; background_position=&#8221;top_left&#8221; background_repeat=&#8221;repeat&#8221;][et_pb_column type=&#8221;1_2&#8243; _builder_version=&#8221;3.0.47&#8243; parallax=&#8221;off&#8221; parallax_method=&#8221;on&#8221;][et_pb_image src=&#8221;http:\/\/www.abratec.it\/wp-content\/uploads\/2018\/03\/DSC00008-e1520614755590.jpg&#8221; admin_label=&#8221;Image&#8221; module_class=&#8221;et_animated et_animated et_animated et_animated&#8221; _builder_version=&#8221;3.0.105&#8243; animation_style=&#8221;slide&#8221; animation_direction=&#8221;right&#8221; animation_duration=&#8221;500ms&#8221; animation_intensity_slide=&#8221;10%&#8221; animation=&#8221;right&#8221;][\/et_pb_image][\/et_pb_column][et_pb_column type=&#8221;1_2&#8243; _builder_version=&#8221;3.0.47&#8243; parallax=&#8221;off&#8221; parallax_method=&#8221;on&#8221;][et_pb_text disabled_on=&#8221;on|on|off&#8221; _builder_version=&#8221;3.0.105&#8243;]<\/p>\n<p>Die Honwerkzeuge von Abratec sind widerstandsf\u00e4hig, zuverl\u00e4ssig, pr\u00e4zise, einfach zu verwenden. Dank unserer \u00fcber 20-j\u00e4hrigen Erfahrung bieten wir Produkte, die f\u00fcr komplizierte und genaue Honarbeiten geeignet sind.<br \/>Alle unsere Werkzeuge werden mit 3D-CADSystemen, basierend auf den Bed\u00fcrfnissen unserer Kunden entwickelt und mit modernen Werkzeugmaschinen gefertigt.<br \/>Die Werkzeuge werden mit Schleifteilen versehen, die wir mit modernsten Verfahren und verschiedenen Kunstharz-, Metall- und Keramikbindungen fertigen.<br \/>Wir produzieren Spreizdorne mit s\u00e4mtlichen Anschlussst\u00fccken, Mindestdurchmesser von 3mm und 4 Steinen bis hin zu Werkzeugen mit gro\u00dfem Durchmesser f\u00fcr die Bearbeitung von Verbrennungsmotoren.<br \/>Au\u00dferdem bieten wir &#8211; je nach Anwendungsbereich &#8211; auch Spreizdorne mit doppelter Expansion und mit pneumatischen D\u00fcsen, die w\u00e4hrend der Bearbeitung f\u00fcr die Abmessung der \u00d6ffnung zust\u00e4ndig sind. <br \/>Zu unserer Produktpalette geh\u00f6ren auch Honwerkzeuge mit einstellbarem Durchmesser, die f\u00fcr schrittweises Honen oder bei der Kalibrierung der \u00d6ffnung verwendet werden.<\/p>\n<p>[\/et_pb_text][\/et_pb_column][\/et_pb_row][et_pb_row custom_padding=&#8221;16px|0px|27px|0px&#8221; _builder_version=&#8221;3.0.47&#8243; background_size=&#8221;initial&#8221; background_position=&#8221;top_left&#8221; background_repeat=&#8221;repeat&#8221;][et_pb_column type=&#8221;1_2&#8243; _builder_version=&#8221;3.0.47&#8243; parallax=&#8221;off&#8221; parallax_method=&#8221;on&#8221;][et_pb_image src=&#8221;http:\/\/www.abratec.it\/wp-content\/uploads\/2018\/03\/levigatura-e1520615128479.jpg&#8221; admin_label=&#8221;Image&#8221; module_class=&#8221;et_animated et_animated et_animated et_animated&#8221; _builder_version=&#8221;3.0.105&#8243; animation_style=&#8221;slide&#8221; animation_direction=&#8221;left&#8221; animation_duration=&#8221;500ms&#8221; animation_intensity_slide=&#8221;10%&#8221;][\/et_pb_image][\/et_pb_column][et_pb_column type=&#8221;1_2&#8243; _builder_version=&#8221;3.0.47&#8243; parallax=&#8221;off&#8221; parallax_method=&#8221;on&#8221;][et_pb_image src=&#8221;http:\/\/www.abratec.it\/wp-content\/uploads\/2018\/03\/mandrini_prodotti-e1520523266300.jpg&#8221; admin_label=&#8221;Image&#8221; module_class=&#8221;et_animated et_animated et_animated et_animated&#8221; _builder_version=&#8221;3.0.105&#8243; animation_style=&#8221;slide&#8221; animation_direction=&#8221;left&#8221; animation_duration=&#8221;500ms&#8221; animation_intensity_slide=&#8221;10%&#8221;][\/et_pb_image][\/et_pb_column][\/et_pb_row][et_pb_row custom_padding=&#8221;16px|0px|27px|0px&#8221; _builder_version=&#8221;3.0.47&#8243; background_size=&#8221;initial&#8221; background_position=&#8221;top_left&#8221; background_repeat=&#8221;repeat&#8221;][et_pb_column type=&#8221;4_4&#8243; _builder_version=&#8221;3.0.47&#8243; parallax=&#8221;off&#8221; parallax_method=&#8221;on&#8221;][et_pb_text _builder_version=&#8221;3.0.105&#8243; text_orientation=&#8221;right&#8221;]<\/p>\n<p style=\"text-align: justify;\">F\u00fcr besondere Anspr\u00fcche haben wir die Honwerkzeuge unserer Serie Hydraulic entwickelt, die an CNC-Maschinen verwendet werden, bei denen die Ausweitung hydraulisch gesteuert ist und durch den Zufluss von K\u00fchlschmiermittel \u00fcber den Spanndorn erfolgt.<br \/>Dadurch k\u00f6nnen auch einige einfache Honbearbeitungen direkt an der Maschine durchgef\u00fchrt werden, ohne weitere Bearbeitungen an anderen Honmaschinen durchf\u00fchren zu m\u00fcssen.<br \/>Diese Anwendungen sind sehr spezifisch; deshalb ist daf\u00fcr normalerweise eine Inaugenscheinnahme der Maschine und eine sorgf\u00e4ltige Vorbereitung der Bearbeitungen, die vorher durchgef\u00fchrt werden notwendig.<\/p>\n<p style=\"text-align: justify;\">Unsere Experten stehen Ihnen gerne zur Verf\u00fcgung, um Sie zu beraten und die f\u00fcr Sie geeignetste L\u00f6sung zu finden.<\/p>\n<p>[\/et_pb_text][et_pb_image src=&#8221;http:\/\/www.abratec.it\/wp-content\/uploads\/2018\/03\/NPGE-e1520615660475.jpg&#8221; admin_label=&#8221;Image&#8221; module_class=&#8221;et_animated et_animated et_animated et_animated&#8221; _builder_version=&#8221;3.0.105&#8243; animation_style=&#8221;slide&#8221; animation_direction=&#8221;left&#8221; animation_duration=&#8221;500ms&#8221; animation_intensity_slide=&#8221;10%&#8221;][\/et_pb_image][\/et_pb_column][\/et_pb_row][\/et_pb_section][et_pb_section fb_built=&#8221;1&#8243; background_color=&#8221;#f2f2f2&#8243; _builder_version=&#8221;3.0.105&#8243; custom_padding=&#8221;0px|0px|0px|0px&#8221;][et_pb_row make_fullwidth=&#8221;on&#8221; _builder_version=&#8221;3.0.105&#8243;][et_pb_column type=&#8221;4_4&#8243; _builder_version=&#8221;3.0.47&#8243; parallax=&#8221;off&#8221; parallax_method=&#8221;on&#8221;][et_pb_button button_url=&#8221;http:\/\/www.abratec.it\/de\/contatti\/&#8221; button_text=&#8221;F\u00fcr weitere Informationen kontaktieren Sie uns bitte unter&#8221; button_alignment=&#8221;center&#8221; _builder_version=&#8221;3.0.105&#8243; custom_button=&#8221;on&#8221; button_bg_color=&#8221;#ffffff&#8221;][\/et_pb_button][\/et_pb_column][\/et_pb_row][\/et_pb_section]<\/p>\n","protected":false},"excerpt":{"rendered":"<p>Die Honwerkzeuge von Abratec sind widerstandsf\u00e4hig, zuverl\u00e4ssig, pr\u00e4zise, einfach zu verwenden. Dank unserer \u00fcber 20-j\u00e4hrigen Erfahrung bieten wir Produkte, die f\u00fcr komplizierte und genaue Honarbeiten geeignet sind.Alle unsere Werkzeuge werden mit 3D-CADSystemen, basierend auf den Bed\u00fcrfnissen unserer Kunden entwickelt und mit modernen Werkzeugmaschinen gefertigt.Die Werkzeuge werden mit Schleifteilen versehen, die wir mit modernsten Verfahren und [&hellip;]<\/p>\n","protected":false},"author":2,"featured_media":0,"parent":36706,"menu_order":0,"comment_status":"closed","ping_status":"closed","template":"","meta":{"_et_pb_use_builder":"on","_et_pb_old_content":"","_et_gb_content_width":"","footnotes":""},"class_list":["post-37087","page","type-page","status-publish","hentry"],"_links":{"self":[{"href":"https:\/\/www.abratec.it\/de\/wp-json\/wp\/v2\/pages\/37087"}],"collection":[{"href":"https:\/\/www.abratec.it\/de\/wp-json\/wp\/v2\/pages"}],"about":[{"href":"https:\/\/www.abratec.it\/de\/wp-json\/wp\/v2\/types\/page"}],"author":[{"embeddable":true,"href":"https:\/\/www.abratec.it\/de\/wp-json\/wp\/v2\/users\/2"}],"replies":[{"embeddable":true,"href":"https:\/\/www.abratec.it\/de\/wp-json\/wp\/v2\/comments?post=37087"}],"version-history":[{"count":5,"href":"https:\/\/www.abratec.it\/de\/wp-json\/wp\/v2\/pages\/37087\/revisions"}],"predecessor-version":[{"id":37105,"href":"https:\/\/www.abratec.it\/de\/wp-json\/wp\/v2\/pages\/37087\/revisions\/37105"}],"up":[{"embeddable":true,"href":"https:\/\/www.abratec.it\/de\/wp-json\/wp\/v2\/pages\/36706"}],"wp:attachment":[{"href":"https:\/\/www.abratec.it\/de\/wp-json\/wp\/v2\/media?parent=37087"}],"curies":[{"name":"wp","href":"https:\/\/api.w.org\/{rel}","templated":true}]}}