{"id":37032,"date":"2018-03-10T21:33:12","date_gmt":"2018-03-10T20:33:12","guid":{"rendered":"http:\/\/www.abratec.it\/?page_id=37032"},"modified":"2018-03-10T21:57:27","modified_gmt":"2018-03-10T20:57:27","slug":"mole-per-rettifica-di-interni","status":"publish","type":"page","link":"https:\/\/www.abratec.it\/de\/produkte\/mole-per-rettifica-di-interni\/","title":{"rendered":"CBN- UND DIAMANT-SCHLEIFSCHEIBEN MIT KERAMISCHER BINDUNG F\u00dcR DAS INNENSCHLEIFEN"},"content":{"rendered":"<p>[et_pb_section fb_built=&#8221;1&#8243; fullwidth=&#8221;on&#8221; _builder_version=&#8221;3.0.105&#8243; background_image=&#8221;http:\/\/www.abratec.it\/wp-content\/uploads\/2018\/03\/rettifica-interni-header.jpg&#8221; parallax=&#8221;on&#8221; custom_margin=&#8221;|||&#8221; custom_padding=&#8221;200px|||&#8221; filter_brightness=&#8221;105%&#8221; top_divider_color=&#8221;rgba(208,0,33,0.52)&#8221; top_divider_height=&#8221;49px&#8221;][et_pb_fullwidth_post_title meta=&#8221;off&#8221; featured_image=&#8221;off&#8221; text_color=&#8221;light&#8221; text_background=&#8221;on&#8221; text_bg_color=&#8221;rgba(208,0,33,0.9)&#8221; _builder_version=&#8221;3.0.105&#8243; title_font_size=&#8221;32px&#8221; title_text_color=&#8221;#ffffff&#8221; background_size=&#8221;initial&#8221; background_position=&#8221;top_left&#8221; background_repeat=&#8221;repeat&#8221; text_orientation=&#8221;center&#8221; max_width=&#8221;65%&#8221; module_alignment=&#8221;center&#8221; custom_margin=&#8221;||0px|&#8221; custom_padding=&#8221;||0px|&#8221;][\/et_pb_fullwidth_post_title][\/et_pb_section][et_pb_section fb_built=&#8221;1&#8243; module_id=&#8221;layouts&#8221; _builder_version=&#8221;3.0.47&#8243; custom_padding=&#8221;142px|0px|54px|0px&#8221;][et_pb_row custom_padding=&#8221;18px|0px|27px|0px&#8221; _builder_version=&#8221;3.0.47&#8243; background_size=&#8221;initial&#8221; background_position=&#8221;top_left&#8221; background_repeat=&#8221;repeat&#8221;][et_pb_column type=&#8221;1_2&#8243; _builder_version=&#8221;3.0.47&#8243; parallax=&#8221;off&#8221; parallax_method=&#8221;on&#8221;][et_pb_image src=&#8221;http:\/\/www.abratec.it\/wp-content\/uploads\/2018\/03\/IMG_20180211_112259-e1520611861980.jpg&#8221; admin_label=&#8221;Image&#8221; module_class=&#8221;et_animated et_animated et_animated et_animated&#8221; _builder_version=&#8221;3.0.105&#8243; animation_style=&#8221;slide&#8221; animation_direction=&#8221;right&#8221; animation_duration=&#8221;500ms&#8221; animation_intensity_slide=&#8221;10%&#8221; animation=&#8221;right&#8221;][\/et_pb_image][\/et_pb_column][et_pb_column type=&#8221;1_2&#8243; _builder_version=&#8221;3.0.47&#8243; parallax=&#8221;off&#8221; parallax_method=&#8221;on&#8221;][et_pb_text disabled_on=&#8221;on|on|off&#8221; _builder_version=&#8221;3.0.105&#8243;]<\/p>\n<p>Immer leistungsf\u00e4higere und genauere Innenschleifmaschinen ben\u00f6tigen Schleifscheiben, die Spitzenleistungen erreichen.<\/p>\n<p>Keramisch gebundene Diamant- und CBNSchleifscheiben verl\u00e4ngern die Abricht- und Profilierungspausen der Maschine, wobei die Pr\u00e4zision und die Wiederholbarkeit der Werkzeugmaschine erh\u00f6ht und es au\u00dferdem erm\u00f6glicht wird, auch Materialien mit einer sehr hohen H\u00e4rte, die weit \u00fcber 60 HRC hinausreicht, zu bearbeiten.<\/p>\n<p>Wir k\u00f6nnen Schleifscheiben mit grobem Profil fertigen, um die f\u00fcr den Scheibenwechsel notwendige Zeit zu reduzieren, und somit die Produktivit\u00e4t Ihrer Maschine noch weiter zu erh\u00f6hen.<\/p>\n<p>Unsere Produktpalette beinhaltet zylinderf\u00f6rmige oder nach Zeichnung gefertigte Schleifscheiben, die bei der \u00d6ffnung oder auf einer Stahl- oder Hartmetallspindel befestigt wird.<\/p>\n<p>\u00a0<\/p>\n<p>.<\/p>\n<p>[\/et_pb_text][\/et_pb_column][\/et_pb_row][et_pb_row custom_padding=&#8221;16px|0px|27px|0px&#8221; _builder_version=&#8221;3.0.47&#8243; background_size=&#8221;initial&#8221; background_position=&#8221;top_left&#8221; background_repeat=&#8221;repeat&#8221;][et_pb_column type=&#8221;1_2&#8243; _builder_version=&#8221;3.0.47&#8243; parallax=&#8221;off&#8221; parallax_method=&#8221;on&#8221;][et_pb_text _builder_version=&#8221;3.0.105&#8243; text_orientation=&#8221;right&#8221;]<\/p>\n<p>Um die Leistungsf\u00e4higkeit unserer Schleifscheiben zu optimieren, k\u00f6nnen wir auch eine Verl\u00e4ngerung aus Hartmetall nach Zeichnung des Kunden herstellen, um keramisch gebundene CBN- oder Diamantschleifscheiben zu befestigen.<\/p>\n<p>Bei der Bearbeitung von Einzel- oder Serienteilen wie Komponenten f\u00fcr die Automobilindustrie oder hydraulischen Komponenten, Einspritzd\u00fcsen f\u00fcr Verbrennungsmotoren, Details aus technischer Keramik, mit HVOF beschichteten Teilen, sind unsere k e r a m i s c h gebundenen CBN- und Diamantschleifscheiben ideal f\u00fcr eine h\u00f6chsteffiziente Produktion.<\/p>\n<p>Unsere Experten stehen Ihnen gerne zur Verf\u00fcgung, um Sie zu beraten und die f\u00fcr Sie geeignetste L\u00f6sung zu finden.<\/p>\n<p>\u00a0<\/p>\n<p>[\/et_pb_text][\/et_pb_column][et_pb_column type=&#8221;1_2&#8243; _builder_version=&#8221;3.0.47&#8243; parallax=&#8221;off&#8221; parallax_method=&#8221;on&#8221;][et_pb_image src=&#8221;http:\/\/www.abratec.it\/wp-content\/uploads\/2018\/03\/IMG_20180211_120325-e1520612059598.jpg&#8221; admin_label=&#8221;Image&#8221; module_class=&#8221;et_animated et_animated et_animated et_animated&#8221; _builder_version=&#8221;3.0.105&#8243; animation_style=&#8221;slide&#8221; animation_direction=&#8221;left&#8221; animation_duration=&#8221;500ms&#8221; animation_intensity_slide=&#8221;10%&#8221;][\/et_pb_image][\/et_pb_column][\/et_pb_row][\/et_pb_section][et_pb_section fb_built=&#8221;1&#8243; background_color=&#8221;#f2f2f2&#8243; _builder_version=&#8221;3.0.105&#8243; custom_padding=&#8221;0px|0px|0px|0px&#8221;][et_pb_row make_fullwidth=&#8221;on&#8221; _builder_version=&#8221;3.0.105&#8243;][et_pb_column type=&#8221;4_4&#8243; _builder_version=&#8221;3.0.47&#8243; parallax=&#8221;off&#8221; parallax_method=&#8221;on&#8221;][et_pb_button button_url=&#8221;http:\/\/www.abratec.it\/de\/contatti\/&#8221; button_text=&#8221;F\u00fcr weitere Informationen kontaktieren Sie uns bitte unter&#8221; button_alignment=&#8221;center&#8221; _builder_version=&#8221;3.0.105&#8243; custom_button=&#8221;on&#8221; button_bg_color=&#8221;#ffffff&#8221; button_font=&#8221;||||||||&#8221;][\/et_pb_button][\/et_pb_column][\/et_pb_row][\/et_pb_section]<\/p>\n","protected":false},"excerpt":{"rendered":"<p>Immer leistungsf\u00e4higere und genauere Innenschleifmaschinen ben\u00f6tigen Schleifscheiben, die Spitzenleistungen erreichen. Keramisch gebundene Diamant- und CBNSchleifscheiben verl\u00e4ngern die Abricht- und Profilierungspausen der Maschine, wobei die Pr\u00e4zision und die Wiederholbarkeit der Werkzeugmaschine erh\u00f6ht und es au\u00dferdem erm\u00f6glicht wird, auch Materialien mit einer sehr hohen H\u00e4rte, die weit \u00fcber 60 HRC hinausreicht, zu bearbeiten. Wir k\u00f6nnen Schleifscheiben mit [&hellip;]<\/p>\n","protected":false},"author":2,"featured_media":0,"parent":36706,"menu_order":0,"comment_status":"closed","ping_status":"closed","template":"","meta":{"_et_pb_use_builder":"on","_et_pb_old_content":"","_et_gb_content_width":"","footnotes":""},"class_list":["post-37032","page","type-page","status-publish","hentry"],"_links":{"self":[{"href":"https:\/\/www.abratec.it\/de\/wp-json\/wp\/v2\/pages\/37032"}],"collection":[{"href":"https:\/\/www.abratec.it\/de\/wp-json\/wp\/v2\/pages"}],"about":[{"href":"https:\/\/www.abratec.it\/de\/wp-json\/wp\/v2\/types\/page"}],"author":[{"embeddable":true,"href":"https:\/\/www.abratec.it\/de\/wp-json\/wp\/v2\/users\/2"}],"replies":[{"embeddable":true,"href":"https:\/\/www.abratec.it\/de\/wp-json\/wp\/v2\/comments?post=37032"}],"version-history":[{"count":6,"href":"https:\/\/www.abratec.it\/de\/wp-json\/wp\/v2\/pages\/37032\/revisions"}],"predecessor-version":[{"id":37052,"href":"https:\/\/www.abratec.it\/de\/wp-json\/wp\/v2\/pages\/37032\/revisions\/37052"}],"up":[{"embeddable":true,"href":"https:\/\/www.abratec.it\/de\/wp-json\/wp\/v2\/pages\/36706"}],"wp:attachment":[{"href":"https:\/\/www.abratec.it\/de\/wp-json\/wp\/v2\/media?parent=37032"}],"curies":[{"name":"wp","href":"https:\/\/api.w.org\/{rel}","templated":true}]}}