{"id":36734,"date":"2018-03-09T08:06:49","date_gmt":"2018-03-09T07:06:49","guid":{"rendered":"http:\/\/www.abratec.it\/?page_id=36734"},"modified":"2019-04-19T17:08:21","modified_gmt":"2019-04-19T15:08:21","slug":"chi-siamo","status":"publish","type":"page","link":"https:\/\/www.abratec.it\/de\/chi-siamo\/","title":{"rendered":"\u00dcber uns"},"content":{"rendered":"<p>[et_pb_section bb_built=&#8221;1&#8243; fullwidth=&#8221;on&#8221; _builder_version=&#8221;3.0.75&#8243; background_image=&#8221;http:\/\/www.abratec.it\/wp-content\/uploads\/2017\/09\/abrasivi02.jpg&#8221; next_background_color=&#8221;#ffffff&#8221;][et_pb_fullwidth_post_title meta=&#8221;off&#8221; featured_image=&#8221;off&#8221; text_color=&#8221;light&#8221; text_background=&#8221;on&#8221; text_bg_color=&#8221;rgba(208,0,33,0.9)&#8221; _builder_version=&#8221;3.0.75&#8243; title_font_size=&#8221;32px&#8221; title_text_color=&#8221;#ffffff&#8221; text_orientation=&#8221;center&#8221; max_width=&#8221;65%&#8221; module_alignment=&#8221;center&#8221;]<\/p>\n<p>&nbsp;<\/p>\n<p>[\/et_pb_fullwidth_post_title][\/et_pb_section][et_pb_section bb_built=&#8221;1&#8243; _builder_version=&#8221;3.0.47&#8243; prev_background_color=&#8221;#000000&#8243; next_background_color=&#8221;#d00021&#8243;][et_pb_row custom_padding=&#8221;27px|0px|28px|0px&#8221; _builder_version=&#8221;3.0.47&#8243; background_size=&#8221;initial&#8221; background_position=&#8221;top_left&#8221; background_repeat=&#8221;repeat&#8221;][et_pb_column type=&#8221;4_4&#8243;][et_pb_text admin_label=&#8221;Text&#8221; _builder_version=&#8221;3.0.75&#8243; background_size=&#8221;initial&#8221; background_position=&#8221;top_left&#8221; background_repeat=&#8221;repeat&#8221; module_alignment=&#8221;left&#8221;]<\/p>\n<p>Abratec arbeitet seit 20 Jahren mit eigenen technischen Kaufm\u00e4nnern auf dem Markt der spezialisierten Schleifprodukte, wobei der technische Kundenservice immer im Vordergrund steht. Unsere langj\u00e4hrige Erfahrung in der Optimierung von Schleifwerkzeugen, die f\u00fcr eine sehr gro\u00dfe Anzahl von industriellen und handwerklichen Operationen verwendet werden, verleiht uns eine tiefe Kenntnis der mit Schleifmitteln durchgef\u00fchrte Materialbearbeitung und der Herstellung s\u00e4mtlicher Arten von Schleifwerkzeugen.\u00a0Au\u00dferdem entwickeln und fertigen wir besondere Werkzeuge f\u00fcr pr\u00e4zises Innen- und Au\u00dfenrundschleifen.\u00a0Jedes einzelne Werkzeug ist auf die spezifischen Anforderungen unserer Kunden zugeschnitten, um in den Arbeitsprozessen h\u00f6chste Effizienz zu gew\u00e4hrleisten.<\/p>\n<p>Seit 2010 fertigen wir in unserer Anlage in Florenz keramische gebundene CBN- und Diamantschleifscheiben.<\/p>\n<p>Dank der M\u00f6glichkeit eigens entwickelte Pressformen und Verarbeitungswerkzeuge betriebsintern herzustellen, konnten wir ab sofort eine breite Produktpalette anbieten, die von kleinen Innenrundschleifscheiben zu 2mm bis hin zu Au\u00dfenrundschleifscheiben zu 1000mm reicht.<\/p>\n<p>Da wir unsere Rohstoffe sorgf\u00e4ltig ausw\u00e4hlen und \u00fcberpr\u00fcfen, innovative Bindungen und modernste Produktionsinstrumente benutzen, ist Abratec f\u00fcr unsere Kunden ein Bezugspunkt geworden.<\/p>\n<p>Die Leidenschaft f\u00fcr unsere Arbeit zeichnet unser Unternehmen aus, wobei die technischen Anspr\u00fcche unserer Kunden immer im Mittelpunkt stehen.<\/p>\n<p>Kontaktieren Sie uns und trauen Sie uns die Probleme ihrer Schleif- und Honbearbeitungen zu. Unser technischer Kundenservice steht Ihnen gerne zur Verf\u00fcgung, um konkrete und realisierbare L\u00f6sungen anzubieten.<\/p>\n<p>[\/et_pb_text][\/et_pb_column][\/et_pb_row][\/et_pb_section][et_pb_section bb_built=&#8221;1&#8243; background_color=&#8221;#d00021&#8243; _builder_version=&#8221;3.0.75&#8243; prev_background_color=&#8221;#ffffff&#8221; next_background_color=&#8221;#ffffff&#8221;][et_pb_row _builder_version=&#8221;3.0.47&#8243; background_size=&#8221;initial&#8221; background_position=&#8221;top_left&#8221; background_repeat=&#8221;repeat&#8221;][et_pb_column type=&#8221;4_4&#8243;][et_pb_cta button_url=&#8221;http:\/\/www.abratec.it\/de\/prodotti\/&#8221; button_text=&#8221;Besuchen Sie unsere Produktseite&#8221; background_color=&#8221;#ffffff&#8221; background_layout=&#8221;light&#8221; module_class=&#8221;et_animated et_animated et_animated et_animated et_animated&#8221; _builder_version=&#8221;3.0.105&#8243; header_text_align=&#8221;center&#8221; body_text_align=&#8221;center&#8221; background_image=&#8221;http:\/\/www.abratec.it\/wp-content\/uploads\/2017\/09\/022.jpg&#8221; parallax=&#8221;on&#8221; animation_style=&#8221;slide&#8221;]<\/p>\n<p style=\"text-align: center;\" align=\"justify\"><span style=\"font-size: large; color: #ffffff;\">Abratec ist in der Lage, eine breite Palette von Schleifwerkzeugen anzubieten.<\/span><\/p>\n<p>[\/et_pb_cta][\/et_pb_column][\/et_pb_row][\/et_pb_section][et_pb_section bb_built=&#8221;1&#8243; _builder_version=&#8221;3.0.47&#8243; prev_background_color=&#8221;#d00021&#8243; next_background_color=&#8221;#3c3d41&#8243;][et_pb_row _builder_version=&#8221;3.0.47&#8243; background_size=&#8221;initial&#8221; background_position=&#8221;top_left&#8221; background_repeat=&#8221;repeat&#8221;][et_pb_column type=&#8221;4_4&#8243;][et_pb_text admin_label=&#8221;Text&#8221; _builder_version=&#8221;3.0.75&#8243; background_size=&#8221;initial&#8221; background_position=&#8221;top_left&#8221; background_repeat=&#8221;repeat&#8221; module_alignment=&#8221;left&#8221;]<\/p>\n<p>&nbsp;<\/p>\n<p>[\/et_pb_text][\/et_pb_column][\/et_pb_row][\/et_pb_section][et_pb_section bb_built=&#8221;1&#8243; admin_label=&#8221;Section&#8221; background_color=&#8221;#3c3d41&#8243; _builder_version=&#8221;3.6&#8243; custom_padding=&#8221;0px||0px|&#8221; transparent_background=&#8221;off&#8221; padding_mobile=&#8221;on&#8221; prev_background_color=&#8221;#ffffff&#8221; global_module=&#8221;37429&#8243;][et_pb_row admin_label=&#8221;Row&#8221; global_parent=&#8221;37429&#8243; use_custom_gutter=&#8221;on&#8221; gutter_width=&#8221;2&#8243; custom_padding=&#8221;50px||60px|&#8221; column_padding_mobile=&#8221;on&#8221; parallax_method_1=&#8221;off&#8221; parallax_method_2=&#8221;off&#8221; parallax_method_3=&#8221;off&#8221; _builder_version=&#8221;3.0.47&#8243; background_size=&#8221;initial&#8221; background_position=&#8221;top_left&#8221; background_repeat=&#8221;repeat&#8221;][et_pb_column type=&#8221;1_2&#8243;][et_pb_text admin_label=&#8221;Text&#8221; global_parent=&#8221;37429&#8243; _builder_version=&#8221;3.6&#8243; text_font=&#8221;Raleway|on|||&#8221; text_font_size=&#8221;28&#8243; text_text_color=&#8221;#ffffff&#8221; text_line_height=&#8221;1.4em&#8221; background_size=&#8221;initial&#8221; background_position=&#8221;top_left&#8221; background_repeat=&#8221;repeat&#8221; module_alignment=&#8221;left&#8221; custom_margin=&#8221;||8px|&#8221; custom_css_main_element=&#8221;font-weight: 900;&#8221;]<\/p>\n<p>ABRATEC srl<\/p>\n<p>[\/et_pb_text][et_pb_text admin_label=&#8221;Text&#8221; global_parent=&#8221;37429&#8243; _builder_version=&#8221;3.0.75&#8243; text_font=&#8221;Source Sans Pro||||&#8221; text_font_size=&#8221;16&#8243; text_text_color=&#8221;#aaaaaa&#8221; text_line_height=&#8221;1.5em&#8221; background_size=&#8221;initial&#8221; background_position=&#8221;top_left&#8221; background_repeat=&#8221;repeat&#8221; max_width=&#8221;300px&#8221; module_alignment=&#8221;left&#8221; custom_margin=&#8221;||30px|&#8221; custom_margin_tablet=&#8221;||10px|&#8221; custom_margin_last_edited=&#8221;on|tablet&#8221; custom_padding=&#8221;0px|||&#8221;]<\/p>\n<p>Via Datini,23 &#8211; 50126 Firenze &#8211; Italia Tel +39-055-6812093 &#8211; +39-055-6813259 Fax +39-055-6813049<\/p>\n<p>[\/et_pb_text][et_pb_text admin_label=&#8221;Text&#8221; global_parent=&#8221;37429&#8243; _builder_version=&#8221;3.6&#8243; text_font=&#8221;Source Sans Pro||||&#8221; text_font_size=&#8221;12&#8243; text_text_color=&#8221;#aaaaaa&#8221; text_line_height=&#8221;1.5em&#8221; background_size=&#8221;initial&#8221; background_position=&#8221;top_left&#8221; background_repeat=&#8221;repeat&#8221; max_width=&#8221;300px&#8221; module_alignment=&#8221;left&#8221; custom_padding=&#8221;0px|||&#8221;]<\/p>\n<p>\u00a9 2017 Abratec srl &#8211;\u00a0C.F. &amp; P.I. 04888570480 \u2013 R.E.A. 497881<\/p>\n<p>[\/et_pb_text][\/et_pb_column][et_pb_column type=&#8221;1_4&#8243;][et_pb_text admin_label=&#8221;Text&#8221; global_parent=&#8221;37429&#8243; _builder_version=&#8221;3.6&#8243; text_font=&#8221;Source Sans Pro|on|||&#8221; text_font_size=&#8221;18&#8243; text_text_color=&#8221;#666666&#8243; text_line_height=&#8221;1.4em&#8221; background_size=&#8221;initial&#8221; background_position=&#8221;top_left&#8221; background_repeat=&#8221;repeat&#8221; module_alignment=&#8221;left&#8221; custom_margin=&#8221;||8px|&#8221;]<\/p>\n<p>MENU<\/p>\n<p>[\/et_pb_text][et_pb_text admin_label=&#8221;Text&#8221; global_parent=&#8221;37429&#8243; _builder_version=&#8221;3.6&#8243; text_font=&#8221;Source Sans Pro||||&#8221; text_font_size=&#8221;18&#8243; text_text_color=&#8221;#ffffff&#8221; text_line_height=&#8221;2.2em&#8221; background_size=&#8221;initial&#8221; background_position=&#8221;top_left&#8221; background_repeat=&#8221;repeat&#8221; module_alignment=&#8221;left&#8221; custom_padding=&#8221;0px|||&#8221;]<\/p>\n<p><span style=\"color: #ffffff;\"><a style=\"color: #ffffff;\" href=\"http:\/\/www.abratec.it\/de\/\">Startseite<\/a><\/span><br \/>\n<span style=\"color: #ffffff;\"><a style=\"color: #ffffff;\" href=\"http:\/\/www.abratec.it\/de\/chi-siamo\/\">\u00dcber uns<\/a><\/span><br \/>\n<span style=\"color: #ffffff;\"><a style=\"color: #ffffff;\" href=\"http:\/\/www.abratec.it\/de\/prodotti\/\">Produkte<\/a><\/span><br \/>\n<span style=\"color: #ffffff;\"><a style=\"color: #ffffff;\" href=\"http:\/\/www.abratec.it\/de\/contatti\/\">Kontakt<\/a><\/span><\/p>\n<p>[\/et_pb_text][et_pb_text admin_label=&#8221;Text&#8221; global_parent=&#8221;37429&#8243; _builder_version=&#8221;3.6&#8243; text_font=&#8221;Source Sans Pro||||&#8221; text_text_color=&#8221;#ffffff&#8221; text_font_size=&#8221;18&#8243; text_line_height=&#8221;1.3em&#8221; background_size=&#8221;initial&#8221; background_position=&#8221;top_left&#8221; background_repeat=&#8221;repeat&#8221; module_alignment=&#8221;left&#8221; custom_padding=&#8221;0px|||&#8221; link_font_size=&#8221;13px&#8221; link_line_height=&#8221;0.4em&#8221; header_4_font_size=&#8221;14px&#8221; header_4_text_color=&#8221;#ffffff&#8221;]<\/p>\n<h4>Rechtliche Hinweise<\/h4>\n<p><span style=\"color: #ffffff;\"><a style=\"color: #ffffff;\" href=\"http:\/\/www.abratec.it\/de\/informativa-sul-trattamento-dei-dati-personali\/\">Privacy<\/a><br \/>\n<a style=\"color: #ffffff;\" href=\"http:\/\/www.abratec.it\/de\/condizioni-generali-di-vendita\/\">Algemeine Verkaufsbedingungen<\/a><\/span><\/p>\n<p>[\/et_pb_text][\/et_pb_column][et_pb_column type=&#8221;1_4&#8243;][\/et_pb_column][\/et_pb_row][\/et_pb_section]<\/p>\n","protected":false},"excerpt":{"rendered":"<p>&nbsp; Abratec arbeitet seit 20 Jahren mit eigenen technischen Kaufm\u00e4nnern auf dem Markt der spezialisierten Schleifprodukte, wobei der technische Kundenservice immer im Vordergrund steht. Unsere langj\u00e4hrige Erfahrung in der Optimierung von Schleifwerkzeugen, die f\u00fcr eine sehr gro\u00dfe Anzahl von industriellen und handwerklichen Operationen verwendet werden, verleiht uns eine tiefe Kenntnis der mit Schleifmitteln durchgef\u00fchrte Materialbearbeitung [&hellip;]<\/p>\n","protected":false},"author":2,"featured_media":0,"parent":0,"menu_order":0,"comment_status":"closed","ping_status":"closed","template":"","meta":{"_et_pb_use_builder":"on","_et_pb_old_content":"","_et_gb_content_width":"","footnotes":""},"class_list":["post-36734","page","type-page","status-publish","hentry"],"_links":{"self":[{"href":"https:\/\/www.abratec.it\/de\/wp-json\/wp\/v2\/pages\/36734"}],"collection":[{"href":"https:\/\/www.abratec.it\/de\/wp-json\/wp\/v2\/pages"}],"about":[{"href":"https:\/\/www.abratec.it\/de\/wp-json\/wp\/v2\/types\/page"}],"author":[{"embeddable":true,"href":"https:\/\/www.abratec.it\/de\/wp-json\/wp\/v2\/users\/2"}],"replies":[{"embeddable":true,"href":"https:\/\/www.abratec.it\/de\/wp-json\/wp\/v2\/comments?post=36734"}],"version-history":[{"count":17,"href":"https:\/\/www.abratec.it\/de\/wp-json\/wp\/v2\/pages\/36734\/revisions"}],"predecessor-version":[{"id":37439,"href":"https:\/\/www.abratec.it\/de\/wp-json\/wp\/v2\/pages\/36734\/revisions\/37439"}],"wp:attachment":[{"href":"https:\/\/www.abratec.it\/de\/wp-json\/wp\/v2\/media?parent=36734"}],"curies":[{"name":"wp","href":"https:\/\/api.w.org\/{rel}","templated":true}]}}