{"id":36706,"date":"2018-03-08T18:16:57","date_gmt":"2018-03-08T17:16:57","guid":{"rendered":"http:\/\/www.abratec.it\/?page_id=36706"},"modified":"2019-04-19T17:08:17","modified_gmt":"2019-04-19T15:08:17","slug":"produkte","status":"publish","type":"page","link":"https:\/\/www.abratec.it\/de\/produkte\/","title":{"rendered":"Produkte"},"content":{"rendered":"<p>[et_pb_section bb_built=&#8221;1&#8243; fullwidth=&#8221;on&#8221; _builder_version=&#8221;3.0.75&#8243; background_image=&#8221;http:\/\/www.abratec.it\/wp-content\/uploads\/2017\/09\/abrasivi02.jpg&#8221; custom_margin=&#8221;||25px|&#8221; next_background_color=&#8221;#ffffff&#8221;][et_pb_fullwidth_post_title meta=&#8221;off&#8221; featured_image=&#8221;off&#8221; text_color=&#8221;light&#8221; text_background=&#8221;on&#8221; text_bg_color=&#8221;rgba(208,0,33,0.9)&#8221; _builder_version=&#8221;3.0.75&#8243; title_font_size=&#8221;32px&#8221; title_text_color=&#8221;#ffffff&#8221; text_orientation=&#8221;center&#8221; max_width=&#8221;65%&#8221; module_alignment=&#8221;center&#8221; \/][\/et_pb_section][et_pb_section bb_built=&#8221;1&#8243; module_class=&#8221;photographer photographer_gallery&#8221; _builder_version=&#8221;3.0.105&#8243; custom_padding=&#8221;0px||10px|&#8221; prev_background_color=&#8221;#000000&#8243; next_background_color=&#8221;#000000&#8243;][et_pb_row use_custom_gutter=&#8221;on&#8221; gutter_width=&#8221;2&#8243; custom_padding=&#8221;3vw||25px|&#8221; make_equal=&#8221;on&#8221; background_color_1=&#8221;#c60b28&#8243; background_color_2=&#8221;#c60b28&#8243; background_color_3=&#8221;#c60b28&#8243; background_color_4=&#8221;#c60b28&#8243; background_position_1=&#8221;top_left&#8221; background_position_2=&#8221;top_left&#8221; background_position_3=&#8221;top_left&#8221; background_position_4=&#8221;top_left&#8221; background_repeat_1=&#8221;no-repeat&#8221; background_repeat_2=&#8221;no-repeat&#8221; background_repeat_3=&#8221;no-repeat&#8221; background_repeat_4=&#8221;no-repeat&#8221; _builder_version=&#8221;3.0.105&#8243; module_alignment=&#8221;center&#8221;][et_pb_column type=&#8221;1_4&#8243;][et_pb_image src=&#8221;http:\/\/www.abratec.it\/wp-content\/uploads\/2017\/09\/sagomate-e1520444196170.jpg&#8221; url=&#8221;http:\/\/www.abratec.it\/de\/prodotti\/mole-per-rettifica-esterni-e-a-profilo\/&#8221; use_overlay=&#8221;on&#8221; overlay_icon_color=&#8221;#c60b28&#8243; hover_overlay_color=&#8221;rgba(255,255,255,0.5)&#8221; hover_icon=&#8221;%%147%%&#8221; show_bottom_space=&#8221;off&#8221; _builder_version=&#8221;3.0.105&#8243; \/][et_pb_text _builder_version=&#8221;3.0.105&#8243; link_font=&#8221;Nunito|||on|||||&#8221; link_text_align=&#8221;center&#8221; link_font_size=&#8221;13px&#8221; link_text_color=&#8221;#ffffff&#8221; text_orientation=&#8221;center&#8221; custom_margin=&#8221;0px|||&#8221; custom_padding=&#8221;20px||20px|&#8221;]<\/p>\n<p style=\"text-align: center;\"><a href=\"..\/..\/de\/prodotti\/mole-per-rettifica-esterni-e-a-profilo\/\">CBN- UND DIAMANT-SCHLEIFSCHEIBEN<br \/>\nMIT KERAMISCHE BINDUNG F\u00dcR<br \/>\nDAS AU\u00dfENSCHLEIFEN<\/a><\/p>\n<p>[\/et_pb_text][\/et_pb_column][et_pb_column type=&#8221;1_4&#8243;][et_pb_image src=&#8221;http:\/\/www.abratec.it\/wp-content\/uploads\/2017\/09\/MOLE-PER-RETTIFICA-DI-INTERNI.jpg&#8221; url=&#8221;http:\/\/www.abratec.it\/de\/prodotti\/mole-per-rettifica-di-interni\/&#8221; use_overlay=&#8221;on&#8221; overlay_icon_color=&#8221;#c60b28&#8243; hover_overlay_color=&#8221;rgba(255,255,255,0.5)&#8221; hover_icon=&#8221;%%147%%&#8221; show_bottom_space=&#8221;off&#8221; _builder_version=&#8221;3.0.105&#8243; \/][et_pb_text _builder_version=&#8221;3.0.105&#8243; link_font=&#8221;Nunito|||on|||||&#8221; link_text_align=&#8221;center&#8221; link_font_size=&#8221;13px&#8221; link_text_color=&#8221;#ffffff&#8221; text_orientation=&#8221;center&#8221; custom_margin=&#8221;0px|||&#8221; custom_padding=&#8221;20px||20px|&#8221;]<\/p>\n<p style=\"text-align: center;\"><a href=\"..\/..\/de\/prodotti\/mole-per-rettifica-di-interni\/\">CBN- UND DIAMANT-SCHLEIFSCHEIBEN<br \/>\nMIT KERAMISCHE BINDUNG F\u00dcR<br \/>\nDAS inneNSCHLEIFEN<\/a><\/p>\n<p>[\/et_pb_text][\/et_pb_column][et_pb_column type=&#8221;1_4&#8243;][et_pb_image src=&#8221;http:\/\/www.abratec.it\/wp-content\/uploads\/2018\/02\/DSC02997-e1520504461350.jpg&#8221; url=&#8221;http:\/\/www.abratec.it\/de\/prodotti\/affilatura-e-costruzione-utensili\/&#8221; use_overlay=&#8221;on&#8221; overlay_icon_color=&#8221;#c60b28&#8243; hover_overlay_color=&#8221;rgba(255,255,255,0.5)&#8221; hover_icon=&#8221;%%147%%&#8221; show_bottom_space=&#8221;off&#8221; _builder_version=&#8221;3.0.105&#8243; \/][et_pb_text _builder_version=&#8221;3.0.105&#8243; link_font=&#8221;Nunito|||on|||||&#8221; link_text_align=&#8221;center&#8221; link_font_size=&#8221;13px&#8221; link_text_color=&#8221;#ffffff&#8221; text_orientation=&#8221;center&#8221; custom_margin=&#8221;0px|||&#8221; custom_padding=&#8221;20px||20px|&#8221;]<\/p>\n<p style=\"text-align: center;\"><a href=\"..\/..\/de\/prodotti\/affilatura-e-costruzione-utensili\/\">KERAMISCH GEBUNDENE CBN- UND<br \/>\nDIAMANT-SCHLEIFSCHEIBEN F\u00dcR<br \/>\nDAS SCH\u00c4RFEN UND DAS<br \/>\nHERSTELLEN VON WERKZEUGEN<\/a><\/p>\n<p>[\/et_pb_text][\/et_pb_column][et_pb_column type=&#8221;1_4&#8243;][et_pb_image src=&#8221;http:\/\/www.abratec.it\/wp-content\/uploads\/2018\/02\/DSCN0570.jpg&#8221; url=&#8221;http:\/\/www.abratec.it\/de\/prodotti\/mole-per-rettifica-in-piano\/&#8221; use_overlay=&#8221;on&#8221; overlay_icon_color=&#8221;#c60b28&#8243; hover_overlay_color=&#8221;rgba(255,255,255,0.5)&#8221; hover_icon=&#8221;%%147%%&#8221; show_bottom_space=&#8221;off&#8221; _builder_version=&#8221;3.0.105&#8243; \/][et_pb_text _builder_version=&#8221;3.0.105&#8243; link_font=&#8221;Nunito|||on|||||&#8221; link_text_align=&#8221;center&#8221; link_font_size=&#8221;13px&#8221; link_text_color=&#8221;#ffffff&#8221; text_orientation=&#8221;center&#8221; custom_margin=&#8221;0px|||&#8221; custom_padding=&#8221;20px||20px|&#8221;]<\/p>\n<p style=\"text-align: center;\"><a href=\"..\/..\/de\/prodotti\/mole-per-rettifica-in-piano\/\">FLACHSCHLEIFEN UND APPLIKATIONEN MIT NIEDRIGER UMFANGGESCHWINDIGKEIT<\/a><\/p>\n<p>[\/et_pb_text][\/et_pb_column][\/et_pb_row][et_pb_row use_custom_gutter=&#8221;on&#8221; gutter_width=&#8221;2&#8243; custom_padding=&#8221;0vw||16px|&#8221; make_equal=&#8221;on&#8221; background_color_1=&#8221;#c60b28&#8243; background_color_2=&#8221;#c60b28&#8243; background_color_3=&#8221;#c60b28&#8243; background_color_4=&#8221;#c60b28&#8243; background_position_1=&#8221;top_left&#8221; background_position_2=&#8221;top_left&#8221; background_position_3=&#8221;top_left&#8221; background_position_4=&#8221;top_left&#8221; background_repeat_1=&#8221;no-repeat&#8221; background_repeat_2=&#8221;no-repeat&#8221; background_repeat_3=&#8221;no-repeat&#8221; background_repeat_4=&#8221;no-repeat&#8221; _builder_version=&#8221;3.0.105&#8243;][et_pb_column type=&#8221;1_4&#8243;][et_pb_image src=&#8221;http:\/\/www.abratec.it\/wp-content\/uploads\/2018\/03\/mandrini_prodotti.jpg&#8221; url=&#8221;http:\/\/www.abratec.it\/de\/prodotti\/levigatura-ad-espansione\/&#8221; use_overlay=&#8221;on&#8221; overlay_icon_color=&#8221;#c60b28&#8243; hover_overlay_color=&#8221;rgba(255,255,255,0.5)&#8221; hover_icon=&#8221;%%147%%&#8221; show_bottom_space=&#8221;off&#8221; _builder_version=&#8221;3.0.105&#8243; \/][et_pb_text _builder_version=&#8221;3.0.105&#8243; link_font=&#8221;Nunito|||on|||||&#8221; link_text_align=&#8221;center&#8221; link_font_size=&#8221;13px&#8221; link_text_color=&#8221;#ffffff&#8221; text_orientation=&#8221;center&#8221; custom_margin=&#8221;0px|||&#8221; custom_padding=&#8221;20px||20px|&#8221;]<\/p>\n<p style=\"text-align: center;\"><a href=\"..\/..\/de\/prodotti\/levigatura-ad-espansione\/\">Spreizbare Honahlen<\/a><\/p>\n<p>[\/et_pb_text][\/et_pb_column][et_pb_column type=&#8221;1_4&#8243;][et_pb_image src=&#8221;http:\/\/www.abratec.it\/wp-content\/uploads\/2018\/03\/progressiva_prodotti.jpg&#8221; url=&#8221;http:\/\/www.abratec.it\/de\/prodotti\/levigatura-progressiva\/&#8221; use_overlay=&#8221;on&#8221; overlay_icon_color=&#8221;#c60b28&#8243; hover_overlay_color=&#8221;rgba(255,255,255,0.5)&#8221; hover_icon=&#8221;%%147%%&#8221; show_bottom_space=&#8221;off&#8221; _builder_version=&#8221;3.0.105&#8243; \/][et_pb_text _builder_version=&#8221;3.0.105&#8243; link_font=&#8221;Nunito|||on|||||&#8221; link_text_align=&#8221;center&#8221; link_font_size=&#8221;13px&#8221; link_text_color=&#8221;#ffffff&#8221; text_orientation=&#8221;center&#8221; custom_margin=&#8221;0px|||&#8221; custom_padding=&#8221;20px||20px|&#8221;]<\/p>\n<p style=\"text-align: center;\"><a href=\"..\/..\/de\/prodotti\/levigatura-progressiva\/\">progressive Honung<\/a><\/p>\n<p>[\/et_pb_text][\/et_pb_column][et_pb_column type=&#8221;1_4&#8243;][et_pb_image src=&#8221;http:\/\/www.abratec.it\/wp-content\/uploads\/2018\/02\/DSC02895-e1520418259530.jpg&#8221; url=&#8221;http:\/\/www.abratec.it\/de\/prodotti\/levigatura-pian-parallela\/&#8221; use_overlay=&#8221;on&#8221; overlay_icon_color=&#8221;#c60b28&#8243; hover_overlay_color=&#8221;rgba(255,255,255,0.5)&#8221; hover_icon=&#8221;%%147%%&#8221; show_bottom_space=&#8221;off&#8221; _builder_version=&#8221;3.0.105&#8243; \/][et_pb_text _builder_version=&#8221;3.0.105&#8243; link_font=&#8221;Nunito|||on|||||&#8221; link_text_align=&#8221;center&#8221; link_font_size=&#8221;13px&#8221; link_text_color=&#8221;#ffffff&#8221; text_orientation=&#8221;center&#8221; custom_margin=&#8221;0px|||&#8221; custom_padding=&#8221;20px||20px|&#8221;]<\/p>\n<p style=\"text-align: center;\"><a href=\"..\/..\/de\/prodotti\/levigatura-pian-parallela\/\">DOPPELSEITENPLANSCHLEIFEN<\/a><\/p>\n<p>[\/et_pb_text][\/et_pb_column][et_pb_column type=&#8221;1_4&#8243;][et_pb_image src=&#8221;http:\/\/www.abratec.it\/wp-content\/uploads\/2018\/03\/IMG_20180129_154241.jpg&#8221; url=&#8221;http:\/\/www.abratec.it\/de\/prodotti\/levigatori-cnc\/&#8221; use_overlay=&#8221;on&#8221; overlay_icon_color=&#8221;#c60b28&#8243; hover_overlay_color=&#8221;rgba(255,255,255,0.5)&#8221; hover_icon=&#8221;%%147%%&#8221; show_bottom_space=&#8221;off&#8221; _builder_version=&#8221;3.0.105&#8243; show_in_lightbox=&#8221;off&#8221; url_new_window=&#8221;off&#8221; always_center_on_mobile=&#8221;on&#8221; force_fullwidth=&#8221;off&#8221; \/][et_pb_text _builder_version=&#8221;3.0.105&#8243; link_font=&#8221;Nunito|||on|||||&#8221; link_text_align=&#8221;center&#8221; link_font_size=&#8221;13px&#8221; link_text_color=&#8221;#ffffff&#8221; text_orientation=&#8221;center&#8221; custom_margin=&#8221;0px|||&#8221; custom_padding=&#8221;20px||20px|&#8221;]<\/p>\n<p style=\"text-align: center;\"><a href=\"..\/..\/de\/prodotti\/levigatura-pian-parallela\/\">cnc-honwerkzeuge<\/a><\/p>\n<p>[\/et_pb_text][\/et_pb_column][\/et_pb_row][et_pb_row use_custom_gutter=&#8221;on&#8221; gutter_width=&#8221;2&#8243; custom_padding=&#8221;0.5vw|||&#8221; make_equal=&#8221;on&#8221; background_color_1=&#8221;#c60b28&#8243; background_color_2=&#8221;#c60b28&#8243; background_color_3=&#8221;#c60b28&#8243; background_color_4=&#8221;#c60b28&#8243; background_position_1=&#8221;top_left&#8221; background_position_2=&#8221;top_left&#8221; background_position_3=&#8221;top_left&#8221; background_position_4=&#8221;top_left&#8221; background_repeat_1=&#8221;no-repeat&#8221; background_repeat_2=&#8221;no-repeat&#8221; background_repeat_3=&#8221;no-repeat&#8221; background_repeat_4=&#8221;no-repeat&#8221; _builder_version=&#8221;3.0.105&#8243;][et_pb_column type=&#8221;1_4&#8243;][et_pb_image src=&#8221;http:\/\/www.abratec.it\/wp-content\/uploads\/2018\/01\/Senza-titolo-5-Copia-2-e1520505355892.jpg&#8221; url=&#8221;http:\/\/www.abratec.it\/de\/prodotti\/mole-abrasive\/&#8221; use_overlay=&#8221;on&#8221; overlay_icon_color=&#8221;#c60b28&#8243; hover_overlay_color=&#8221;rgba(255,255,255,0.5)&#8221; hover_icon=&#8221;%%147%%&#8221; show_bottom_space=&#8221;off&#8221; _builder_version=&#8221;3.0.105&#8243; \/][et_pb_text _builder_version=&#8221;3.0.105&#8243; link_font=&#8221;Nunito|||on|||||&#8221; link_text_align=&#8221;center&#8221; link_font_size=&#8221;13px&#8221; link_text_color=&#8221;#ffffff&#8221; text_orientation=&#8221;center&#8221; custom_margin=&#8221;0px|||&#8221; custom_padding=&#8221;20px||20px|&#8221;]<\/p>\n<p style=\"text-align: center;\"><a href=\"http:\/\/www.abratec.it\/pr\/deodotti\/mole-abrasive\/\">SCHLEIFSCHEIBEN<\/a><\/p>\n<p>[\/et_pb_text][\/et_pb_column][et_pb_column type=&#8221;1_4&#8243;][et_pb_image src=&#8221;http:\/\/www.abratec.it\/wp-content\/uploads\/2018\/03\/unirav_prodotti.jpg&#8221; url=&#8221;http:\/\/www.abratec.it\/de\/prodotti\/mandrini-ravvivatori\/&#8221; use_overlay=&#8221;on&#8221; overlay_icon_color=&#8221;#c60b28&#8243; hover_overlay_color=&#8221;rgba(255,255,255,0.5)&#8221; hover_icon=&#8221;%%147%%&#8221; show_bottom_space=&#8221;off&#8221; _builder_version=&#8221;3.0.105&#8243; \/][et_pb_text _builder_version=&#8221;3.0.105&#8243; link_font=&#8221;Nunito|||on|||||&#8221; link_text_align=&#8221;center&#8221; link_font_size=&#8221;13px&#8221; link_text_color=&#8221;#ffffff&#8221; text_orientation=&#8221;center&#8221; custom_margin=&#8221;0px|||&#8221; custom_padding=&#8221;20px||20px|&#8221;]<\/p>\n<p style=\"text-align: center;\"><a href=\"..\/..\/de\/prodotti\/mandrini-ravvivatori\/\">ABRICHTGER\u00c4T<\/a><\/p>\n<p>[\/et_pb_text][\/et_pb_column][et_pb_column type=&#8221;1_4&#8243;][et_pb_image src=&#8221;http:\/\/www.abratec.it\/wp-content\/uploads\/2018\/03\/rullidiam_prodotti-e1520526555474.jpg&#8221; url=&#8221;http:\/\/www.abratec.it\/de\/prodotti\/rulli-diamantati\/&#8221; use_overlay=&#8221;on&#8221; overlay_icon_color=&#8221;#c60b28&#8243; hover_overlay_color=&#8221;rgba(255,255,255,0.5)&#8221; hover_icon=&#8221;%%147%%&#8221; show_bottom_space=&#8221;off&#8221; _builder_version=&#8221;3.0.105&#8243; \/][et_pb_text _builder_version=&#8221;3.0.105&#8243; link_font=&#8221;Nunito|||on|||||&#8221; link_text_align=&#8221;center&#8221; link_font_size=&#8221;13px&#8221; link_text_color=&#8221;#ffffff&#8221; text_orientation=&#8221;center&#8221; custom_margin=&#8221;0px|||&#8221; custom_padding=&#8221;20px||20px|&#8221;]<\/p>\n<p style=\"text-align: center;\"><a href=\"..\/..\/de\/prodotti\/rulli-diamantati\/\">ABRICHTWERKZEUGE<\/a><\/p>\n<p>[\/et_pb_text][\/et_pb_column][et_pb_column type=&#8221;1_4&#8243;][et_pb_image src=&#8221;http:\/\/www.abratec.it\/wp-content\/uploads\/2018\/03\/ravvivamole_prodotti.jpg&#8221; url=&#8221;http:\/\/www.abratec.it\/de\/prodotti\/utensili-ravvivatori\/&#8221; use_overlay=&#8221;on&#8221; overlay_icon_color=&#8221;#c60b28&#8243; hover_overlay_color=&#8221;rgba(255,255,255,0.5)&#8221; hover_icon=&#8221;%%147%%&#8221; show_bottom_space=&#8221;off&#8221; _builder_version=&#8221;3.0.105&#8243; \/][et_pb_text _builder_version=&#8221;3.0.105&#8243; link_font=&#8221;Nunito|||on|||||&#8221; link_text_align=&#8221;center&#8221; link_font_size=&#8221;13px&#8221; link_text_color=&#8221;#ffffff&#8221; text_orientation=&#8221;center&#8221; custom_margin=&#8221;0px|||&#8221; custom_padding=&#8221;20px||20px|&#8221;]<\/p>\n<p style=\"text-align: center;\"><a href=\"..\/..\/de\/prodotti\/utensili-ravvivatori\/\">stehende ABRICHTER<\/a><\/p>\n<p>[\/et_pb_text][\/et_pb_column][\/et_pb_row][\/et_pb_section][et_pb_section bb_built=&#8221;1&#8243; module_class=&#8221;photographer photographer_testimonials&#8221; _builder_version=&#8221;3.0.60&#8243; custom_padding=&#8221;24px|0px|54px|0px&#8221; prev_background_color=&#8221;#000000&#8243; next_background_color=&#8221;#3c3d41&#8243;][et_pb_row custom_padding=&#8221;27px|0px|0px|0px&#8221; _builder_version=&#8221;3.0.75&#8243;][et_pb_column type=&#8221;4_4&#8243;][et_pb_text _builder_version=&#8221;3.0.105&#8243; text_font=&#8221;Nunito||on||||||&#8221; text_font_size=&#8221;17px&#8221; text_text_color=&#8221;#ffffff&#8221; text_line_height=&#8221;1.8em&#8221; background_color=&#8221;#d00021&#8243; text_orientation=&#8221;center&#8221; custom_padding=&#8221;20px|10px|20px|10px&#8221;]<\/p>\n<p>Unsere technische Abteilung steht dem Kunden zur Verf\u00fcgung, um Probleme im Zusammenhang mit Schleif- und Honoperationen zu untersuchen und schlagen Ihnen die L\u00f6sung vor, die am besten zu Ihren Bed\u00fcrfnissen passt.<\/p>\n<p>[\/et_pb_text][\/et_pb_column][\/et_pb_row][\/et_pb_section][et_pb_section bb_built=&#8221;1&#8243; admin_label=&#8221;Section&#8221; background_color=&#8221;#3c3d41&#8243; _builder_version=&#8221;3.6&#8243; custom_padding=&#8221;0px||0px|&#8221; transparent_background=&#8221;off&#8221; padding_mobile=&#8221;on&#8221; prev_background_color=&#8221;#ffffff&#8221; global_module=&#8221;37429&#8243;][et_pb_row admin_label=&#8221;Row&#8221; global_parent=&#8221;37429&#8243; use_custom_gutter=&#8221;on&#8221; gutter_width=&#8221;2&#8243; custom_padding=&#8221;50px||60px|&#8221; column_padding_mobile=&#8221;on&#8221; parallax_method_1=&#8221;off&#8221; parallax_method_2=&#8221;off&#8221; parallax_method_3=&#8221;off&#8221; _builder_version=&#8221;3.0.47&#8243; background_size=&#8221;initial&#8221; background_position=&#8221;top_left&#8221; background_repeat=&#8221;repeat&#8221;][et_pb_column type=&#8221;1_2&#8243;][et_pb_text admin_label=&#8221;Text&#8221; global_parent=&#8221;37429&#8243; _builder_version=&#8221;3.6&#8243; text_font=&#8221;Raleway|on|||&#8221; text_font_size=&#8221;28&#8243; text_text_color=&#8221;#ffffff&#8221; text_line_height=&#8221;1.4em&#8221; background_size=&#8221;initial&#8221; background_position=&#8221;top_left&#8221; background_repeat=&#8221;repeat&#8221; module_alignment=&#8221;left&#8221; custom_margin=&#8221;||8px|&#8221; custom_css_main_element=&#8221;font-weight: 900;&#8221;]<\/p>\n<p>ABRATEC srl<\/p>\n<p>[\/et_pb_text][et_pb_text admin_label=&#8221;Text&#8221; global_parent=&#8221;37429&#8243; _builder_version=&#8221;3.0.75&#8243; text_font=&#8221;Source Sans Pro||||&#8221; text_font_size=&#8221;16&#8243; text_text_color=&#8221;#aaaaaa&#8221; text_line_height=&#8221;1.5em&#8221; background_size=&#8221;initial&#8221; background_position=&#8221;top_left&#8221; background_repeat=&#8221;repeat&#8221; max_width=&#8221;300px&#8221; module_alignment=&#8221;left&#8221; custom_margin=&#8221;||30px|&#8221; custom_margin_tablet=&#8221;||10px|&#8221; custom_margin_last_edited=&#8221;on|tablet&#8221; custom_padding=&#8221;0px|||&#8221;]<\/p>\n<p>Via Datini,23 &#8211; 50126 Firenze &#8211; Italia Tel +39-055-6812093 &#8211; +39-055-6813259 Fax +39-055-6813049<\/p>\n<p>[\/et_pb_text][et_pb_text admin_label=&#8221;Text&#8221; global_parent=&#8221;37429&#8243; _builder_version=&#8221;3.6&#8243; text_font=&#8221;Source Sans Pro||||&#8221; text_font_size=&#8221;12&#8243; text_text_color=&#8221;#aaaaaa&#8221; text_line_height=&#8221;1.5em&#8221; background_size=&#8221;initial&#8221; background_position=&#8221;top_left&#8221; background_repeat=&#8221;repeat&#8221; max_width=&#8221;300px&#8221; module_alignment=&#8221;left&#8221; custom_padding=&#8221;0px|||&#8221;]<\/p>\n<p>\u00a9 2017 Abratec srl &#8211;\u00a0C.F. &amp; P.I. 04888570480 \u2013 R.E.A. 497881<\/p>\n<p>[\/et_pb_text][\/et_pb_column][et_pb_column type=&#8221;1_4&#8243;][et_pb_text admin_label=&#8221;Text&#8221; global_parent=&#8221;37429&#8243; _builder_version=&#8221;3.6&#8243; text_font=&#8221;Source Sans Pro|on|||&#8221; text_font_size=&#8221;18&#8243; text_text_color=&#8221;#666666&#8243; text_line_height=&#8221;1.4em&#8221; background_size=&#8221;initial&#8221; background_position=&#8221;top_left&#8221; background_repeat=&#8221;repeat&#8221; module_alignment=&#8221;left&#8221; custom_margin=&#8221;||8px|&#8221;]<\/p>\n<p>MENU<\/p>\n<p>[\/et_pb_text][et_pb_text admin_label=&#8221;Text&#8221; global_parent=&#8221;37429&#8243; _builder_version=&#8221;3.6&#8243; text_font=&#8221;Source Sans Pro||||&#8221; text_font_size=&#8221;18&#8243; text_text_color=&#8221;#ffffff&#8221; text_line_height=&#8221;2.2em&#8221; background_size=&#8221;initial&#8221; background_position=&#8221;top_left&#8221; background_repeat=&#8221;repeat&#8221; module_alignment=&#8221;left&#8221; custom_padding=&#8221;0px|||&#8221;]<\/p>\n<p><span style=\"color: #ffffff;\"><a style=\"color: #ffffff;\" href=\"http:\/\/www.abratec.it\/de\/\">Startseite<\/a><\/span><br \/>\n<span style=\"color: #ffffff;\"><a style=\"color: #ffffff;\" href=\"http:\/\/www.abratec.it\/de\/chi-siamo\/\">\u00dcber uns<\/a><\/span><br \/>\n<span style=\"color: #ffffff;\"><a style=\"color: #ffffff;\" href=\"http:\/\/www.abratec.it\/de\/prodotti\/\">Produkte<\/a><\/span><br \/>\n<span style=\"color: #ffffff;\"><a style=\"color: #ffffff;\" href=\"http:\/\/www.abratec.it\/de\/contatti\/\">Kontakt<\/a><\/span><\/p>\n<p>[\/et_pb_text][et_pb_text admin_label=&#8221;Text&#8221; global_parent=&#8221;37429&#8243; _builder_version=&#8221;3.6&#8243; text_font=&#8221;Source Sans Pro||||&#8221; text_text_color=&#8221;#ffffff&#8221; text_font_size=&#8221;18&#8243; text_line_height=&#8221;1.3em&#8221; background_size=&#8221;initial&#8221; background_position=&#8221;top_left&#8221; background_repeat=&#8221;repeat&#8221; module_alignment=&#8221;left&#8221; custom_padding=&#8221;0px|||&#8221; link_font_size=&#8221;13px&#8221; link_line_height=&#8221;0.4em&#8221; header_4_font_size=&#8221;14px&#8221; header_4_text_color=&#8221;#ffffff&#8221;]<\/p>\n<h4>Rechtliche Hinweise<\/h4>\n<p><span style=\"color: #ffffff;\"><a style=\"color: #ffffff;\" href=\"http:\/\/www.abratec.it\/de\/informativa-sul-trattamento-dei-dati-personali\/\">Privacy<\/a><br \/>\n<a style=\"color: #ffffff;\" href=\"http:\/\/www.abratec.it\/de\/condizioni-generali-di-vendita\/\">Algemeine Verkaufsbedingungen<\/a><\/span><\/p>\n<p>[\/et_pb_text][\/et_pb_column][et_pb_column type=&#8221;1_4&#8243;][\/et_pb_column][\/et_pb_row][\/et_pb_section]<\/p>\n","protected":false},"excerpt":{"rendered":"<p>CBN- UND DIAMANT-SCHLEIFSCHEIBEN MIT KERAMISCHE BINDUNG F\u00dcR DAS AU\u00dfENSCHLEIFEN CBN- UND DIAMANT-SCHLEIFSCHEIBEN MIT KERAMISCHE BINDUNG F\u00dcR DAS inneNSCHLEIFEN KERAMISCH GEBUNDENE CBN- UND DIAMANT-SCHLEIFSCHEIBEN F\u00dcR DAS SCH\u00c4RFEN UND DAS HERSTELLEN VON WERKZEUGEN FLACHSCHLEIFEN UND APPLIKATIONEN MIT NIEDRIGER UMFANGGESCHWINDIGKEIT Spreizbare Honahlen progressive Honung DOPPELSEITENPLANSCHLEIFEN cnc-honwerkzeuge SCHLEIFSCHEIBEN ABRICHTGER\u00c4T ABRICHTWERKZEUGE stehende ABRICHTER Unsere technische Abteilung steht dem Kunden zur [&hellip;]<\/p>\n","protected":false},"author":2,"featured_media":0,"parent":0,"menu_order":0,"comment_status":"closed","ping_status":"closed","template":"","meta":{"_et_pb_use_builder":"on","_et_pb_old_content":"","_et_gb_content_width":"","footnotes":""},"class_list":["post-36706","page","type-page","status-publish","hentry"],"_links":{"self":[{"href":"https:\/\/www.abratec.it\/de\/wp-json\/wp\/v2\/pages\/36706"}],"collection":[{"href":"https:\/\/www.abratec.it\/de\/wp-json\/wp\/v2\/pages"}],"about":[{"href":"https:\/\/www.abratec.it\/de\/wp-json\/wp\/v2\/types\/page"}],"author":[{"embeddable":true,"href":"https:\/\/www.abratec.it\/de\/wp-json\/wp\/v2\/users\/2"}],"replies":[{"embeddable":true,"href":"https:\/\/www.abratec.it\/de\/wp-json\/wp\/v2\/comments?post=36706"}],"version-history":[{"count":19,"href":"https:\/\/www.abratec.it\/de\/wp-json\/wp\/v2\/pages\/36706\/revisions"}],"predecessor-version":[{"id":37438,"href":"https:\/\/www.abratec.it\/de\/wp-json\/wp\/v2\/pages\/36706\/revisions\/37438"}],"wp:attachment":[{"href":"https:\/\/www.abratec.it\/de\/wp-json\/wp\/v2\/media?parent=36706"}],"curies":[{"name":"wp","href":"https:\/\/api.w.org\/{rel}","templated":true}]}}