{"id":36443,"date":"2017-09-14T15:29:55","date_gmt":"2017-09-14T13:29:55","guid":{"rendered":"http:\/\/www.abratec.it\/home\/"},"modified":"2024-01-25T11:30:40","modified_gmt":"2024-01-25T10:30:40","slug":"home","status":"publish","type":"page","link":"https:\/\/www.abratec.it\/de\/","title":{"rendered":"Home"},"content":{"rendered":"<p>[et_pb_section fb_built=&#8221;1&#8243; inner_shadow=&#8221;on&#8221; fullwidth=&#8221;on&#8221; _builder_version=&#8221;3.22&#8243; background_video_mp4=&#8221;https:\/\/www.abratec.it\/wp-content\/uploads\/2017\/09\/abravideo_x264.mp4&#8243; custom_css_main_element=&#8221;border-top: 5px solid red;&#8221;][et_pb_fullwidth_slider admin_label=&#8221;Fullwidth Slider&#8221; _builder_version=&#8221;3.16&#8243; background_size=&#8221;initial&#8221; background_position=&#8221;top_left&#8221; background_repeat=&#8221;repeat&#8221; custom_padding=&#8221;|||&#8221; button_text_size__hover_enabled=&#8221;off&#8221; button_one_text_size__hover_enabled=&#8221;off&#8221; button_two_text_size__hover_enabled=&#8221;off&#8221; button_text_color__hover_enabled=&#8221;off&#8221; button_one_text_color__hover_enabled=&#8221;off&#8221; button_two_text_color__hover_enabled=&#8221;off&#8221; button_border_width__hover_enabled=&#8221;off&#8221; button_one_border_width__hover_enabled=&#8221;off&#8221; button_two_border_width__hover_enabled=&#8221;off&#8221; button_border_color__hover_enabled=&#8221;off&#8221; button_one_border_color__hover_enabled=&#8221;off&#8221; button_two_border_color__hover_enabled=&#8221;off&#8221; button_border_radius__hover_enabled=&#8221;off&#8221; button_one_border_radius__hover_enabled=&#8221;off&#8221; button_two_border_radius__hover_enabled=&#8221;off&#8221; button_letter_spacing__hover_enabled=&#8221;off&#8221; button_one_letter_spacing__hover_enabled=&#8221;off&#8221; button_two_letter_spacing__hover_enabled=&#8221;off&#8221; button_bg_color__hover_enabled=&#8221;off&#8221; button_one_bg_color__hover_enabled=&#8221;off&#8221; button_two_bg_color__hover_enabled=&#8221;off&#8221;][et_pb_slide use_bg_overlay=&#8221;off&#8221; use_text_overlay=&#8221;off&#8221; _builder_version=&#8221;3.16&#8243; header_font=&#8221;||||&#8221; body_font=&#8221;Nunito|||on|&#8221; body_font_size=&#8221;31&#8243; background_color=&#8221;rgba(224,224,224,0)&#8221; button_on_hover=&#8221;on&#8221; button_alignment=&#8221;center&#8221; custom_padding=&#8221;20%||20%|&#8221; custom_padding_tablet=&#8221;10%||10%|&#8221; custom_padding_phone=&#8221;10%||10%|&#8221; body_font_size_tablet=&#8221;31&#8243; body_font_size_phone=&#8221;31&#8243; button_text_size__hover_enabled=&#8221;off&#8221; button_one_text_size__hover_enabled=&#8221;off&#8221; button_two_text_size__hover_enabled=&#8221;off&#8221; button_text_color__hover_enabled=&#8221;off&#8221; button_one_text_color__hover_enabled=&#8221;off&#8221; button_two_text_color__hover_enabled=&#8221;off&#8221; button_border_width__hover_enabled=&#8221;off&#8221; button_one_border_width__hover_enabled=&#8221;off&#8221; button_two_border_width__hover_enabled=&#8221;off&#8221; button_border_color__hover_enabled=&#8221;off&#8221; button_one_border_color__hover_enabled=&#8221;off&#8221; button_two_border_color__hover_enabled=&#8221;off&#8221; button_border_radius__hover_enabled=&#8221;off&#8221; button_one_border_radius__hover_enabled=&#8221;off&#8221; button_two_border_radius__hover_enabled=&#8221;off&#8221; button_letter_spacing__hover_enabled=&#8221;off&#8221; button_one_letter_spacing__hover_enabled=&#8221;off&#8221; button_two_letter_spacing__hover_enabled=&#8221;off&#8221; button_bg_color__hover_enabled=&#8221;off&#8221; button_one_bg_color__hover_enabled=&#8221;off&#8221; button_two_bg_color__hover_enabled=&#8221;off&#8221;]<\/p>\n<p style=\"text-align: center;\"><img loading=\"lazy\" decoding=\"async\" class=\"alignnone size-full wp-image-52 aligncenter\" src=\"..\/wp-content\/uploads\/2017\/09\/abratec-abrasivi-firenze-L01.png\" alt=\"\" width=\"300\" height=\"100\" \/><\/p>\n<p style=\"text-align: center;\">PR\u00c4ZISIONSSCHLEIFWERKZEUGE<\/p>\n<p style=\"text-align: center;\">F\u00dcR BESONDERE ANWENDUNGEN<\/p>\n<p>[\/et_pb_slide][\/et_pb_fullwidth_slider][\/et_pb_section][et_pb_section fb_built=&#8221;1&#8243; _builder_version=&#8221;3.22&#8243;][et_pb_row column_structure=&#8221;1_3,1_3,1_3&#8243; _builder_version=&#8221;3.25&#8243; custom_padding=&#8221;27px|0px|26px|0px&#8221;][et_pb_column type=&#8221;1_3&#8243; _builder_version=&#8221;3.25&#8243; custom_padding=&#8221;|||&#8221; custom_padding__hover=&#8221;|||&#8221;][et_pb_blurb title=&#8221;KERAMISCH GEBUNDENE CBN- UND DIAMANT-SCHLEIFSCHEIBEN&#8221; image=&#8221;https:\/\/www.abratec.it\/wp-content\/uploads\/2018\/01\/mole-cbn-e-dia-vetr.jpg&#8221; admin_label=&#8221;Blurb&#8221; _builder_version=&#8221;3.0.75&#8243; header_font=&#8221;Nunito|on||on|&#8221; header_text_color=&#8221;#e02b20&#8243; body_font=&#8221;Open Sans||||&#8221; background_size=&#8221;initial&#8221; background_position=&#8221;top_left&#8221; background_repeat=&#8221;repeat&#8221; text_orientation=&#8221;center&#8221; max_width_tablet=&#8221;50px&#8221; animation=&#8221;off&#8221;]<\/p>\n<p align=\"justify\">Das Benutzen von keramisch gebundenen CBN- oder Diamantschleifscheiben bietet die M\u00f6glichkeit, bei industriellem Schleifen und Sch\u00e4rfen von Werkzeugen eine h\u00f6here Produktivit\u00e4t zu erreichen. Dank der keramischen Bindungen kann man Schleifwerkzeuge herstellen, die \u2013 je nach Wunsch \u2013 mehr oder weniger por\u00f6s und sehr abtragungsf\u00e4hig sind. Au\u00dferdem weisen sie eine hervorragende Profilhaltigkeit und einen sehr hohen Verschlei\u00dfwiderstand auf. Abratec kann Werkzeuge mit einem Durchmesser von 2 bis \u00fcber 1000 mm herzustellen.<\/p>\n<p>[\/et_pb_blurb][\/et_pb_column][et_pb_column type=&#8221;1_3&#8243; _builder_version=&#8221;3.25&#8243; custom_padding=&#8221;|||&#8221; custom_padding__hover=&#8221;|||&#8221;][et_pb_blurb title=&#8221;HONEN&#8221; image=&#8221;https:\/\/www.abratec.it\/wp-content\/uploads\/2018\/01\/levigatura-1.jpg&#8221; admin_label=&#8221;Blurb&#8221; _builder_version=&#8221;3.0.75&#8243; header_font=&#8221;Nunito|on||on|&#8221; header_text_color=&#8221;#e02b20&#8243; body_font=&#8221;Open Sans||||&#8221; background_size=&#8221;initial&#8221; background_position=&#8221;top_left&#8221; background_repeat=&#8221;repeat&#8221; text_orientation=&#8221;center&#8221; max_width_tablet=&#8221;50px&#8221; animation=&#8221;off&#8221;]<\/p>\n<p align=\"justify\">Durch Honbearbeitungen kann man extrem genaue und geometrische mechanische Teile herstellen und gleichzeitig die Rauheit der Oberfl\u00e4che bestimmen. Dank der Verwendung von superabrasiven Schleifmitteln zusammen mit unseren Werkzeugen, die eigens entwickelt und realisiert werden, kann man die Arbeitsvorg\u00e4nge beschleunigen und, auch im Falle von erheblichem Abtrag, gleichzeitig einen sehr hohen Standard an Pr\u00e4zision beibehalten. Abratec ist in der Lage Werkzeuge f\u00fcr alle auf dem Markt vorhandenen Schleifmaschinen zu entwerfen und zu fertigen.<\/p>\n<p>[\/et_pb_blurb][\/et_pb_column][et_pb_column type=&#8221;1_3&#8243; _builder_version=&#8221;3.25&#8243; custom_padding=&#8221;|||&#8221; custom_padding__hover=&#8221;|||&#8221;][et_pb_blurb title=&#8221;SCHLEIFSCHEIBEN&#8221; image=&#8221;https:\/\/www.abratec.it\/wp-content\/uploads\/2018\/01\/Senza-titolo-5-Copia-2.jpg&#8221; admin_label=&#8221;Blurb&#8221; _builder_version=&#8221;3.0.75&#8243; header_font=&#8221;Nunito|on||on|&#8221; header_text_color=&#8221;#e02b20&#8243; body_font=&#8221;Open Sans||||&#8221; background_size=&#8221;initial&#8221; background_position=&#8221;top_left&#8221; background_repeat=&#8221;repeat&#8221; text_orientation=&#8221;center&#8221; max_width_tablet=&#8221;50px&#8221; animation=&#8221;off&#8221;]<\/p>\n<p style=\"text-align: justify;\">Abratec ist seit Jahren \u00fcber seine Vertriebsingenieure auf dem Markt der Schleifscheiben f\u00fcr das industrielle Schleifen und Schleifen t\u00e4tig und legt besonderen Wert auf die technische Unterst\u00fctzung der Kunden. Wir k\u00f6nnen Schleifscheiben von 3 bis 1000 mm Durchmesser mit verschiedenen keramischen oder kunstharzgebundenen Bindemitteln, mit normaler Geschwindigkeit oder mit Sondergeschwindigkeiten von bis zu 80 m\/s mit verschiedenen Schleifmittelarten mehr oder weniger fein und gemischt, je nach Schleifoperation, in unendlichen Formen und Variationen herstellen.<\/p>\n<p>[\/et_pb_blurb][\/et_pb_column][\/et_pb_row][\/et_pb_section][et_pb_section fb_built=&#8221;1&#8243; _builder_version=&#8221;3.22&#8243; background_color=&#8221;#ffffff&#8221; background_image=&#8221;https:\/\/www.abratec.it\/wp-content\/uploads\/2017\/09\/abrasivi02.jpg&#8221; parallax=&#8221;on&#8221;][et_pb_row make_equal=&#8221;on&#8221; _builder_version=&#8221;3.25&#8243; module_alignment=&#8221;center&#8221; custom_padding=&#8221;27px|0px|25px|0px&#8221;][et_pb_column type=&#8221;4_4&#8243; _builder_version=&#8221;3.25&#8243; custom_padding=&#8221;|||&#8221; custom_padding__hover=&#8221;|||&#8221;][et_pb_text _builder_version=&#8221;3.27.4&#8243; background_layout=&#8221;dark&#8221;]<\/p>\n<h1 style=\"text-align: justify;\"><span style=\"font-size: large; color: #e02f1f;\">DIE F\u00dcR IHRE ANSPR\u00dcCHE GEEIGNETSTE TECHNISCHE L\u00d6SUNG<\/span><\/h1>\n<p style=\"text-align: justify;\"><span style=\"font-size: 14px;\">Schleifscheiben werden in nahezu allen Produktionsprozessen und in den unterschiedlichsten Anwendungen eingesetzt.\u00a0Dank der langj\u00e4hrigen Erfahrung ist Abratec heute in der Lage, Ihre Bearbeitungsanforderungen mit allen Arten und Formen von Schleifscheiben zu erf\u00fcllen. Unsere T\u00e4tigkeit erstreckt sich auch auf die technische Unterst\u00fctzung, die f\u00fcr den Einsatz und die Optimierung von Werkzeugen notwendig ist, ausgehend von den Bed\u00fcrfnissen des Kunden, in einer dynamischen und stark problemorientierten Perspektive.<\/span><\/p>\n<p>[\/et_pb_text][\/et_pb_column][\/et_pb_row][\/et_pb_section][et_pb_section fb_built=&#8221;1&#8243; _builder_version=&#8221;3.22&#8243; custom_padding_tablet=&#8221;0px||0px|&#8221;][et_pb_row _builder_version=&#8221;4.2&#8243; background_size=&#8221;initial&#8221; background_position=&#8221;top_left&#8221; background_repeat=&#8221;repeat&#8221;][et_pb_column type=&#8221;4_4&#8243; _builder_version=&#8221;3.25&#8243; custom_padding=&#8221;|||&#8221; custom_padding__hover=&#8221;|||&#8221;][et_pb_post_slider posts_number=&#8221;1&#8243; show_arrows=&#8221;off&#8221; show_pagination=&#8221;off&#8221; more_text=&#8221;Lesen Sie mehr&#8221; show_meta=&#8221;off&#8221; use_text_overlay=&#8221;off&#8221; _builder_version=&#8221;4.2&#8243; background_color=&#8221;#cf0020&#8243; text_orientation=&#8221;right&#8221; button_text_size__hover_enabled=&#8221;off&#8221; button_one_text_size__hover_enabled=&#8221;off&#8221; button_two_text_size__hover_enabled=&#8221;off&#8221; button_text_color__hover_enabled=&#8221;off&#8221; button_one_text_color__hover_enabled=&#8221;off&#8221; button_two_text_color__hover_enabled=&#8221;off&#8221; button_border_width__hover_enabled=&#8221;off&#8221; button_one_border_width__hover_enabled=&#8221;off&#8221; button_two_border_width__hover_enabled=&#8221;off&#8221; button_border_color__hover_enabled=&#8221;off&#8221; button_one_border_color__hover_enabled=&#8221;off&#8221; button_two_border_color__hover_enabled=&#8221;off&#8221; button_border_radius__hover_enabled=&#8221;off&#8221; button_one_border_radius__hover_enabled=&#8221;off&#8221; button_two_border_radius__hover_enabled=&#8221;off&#8221; button_letter_spacing__hover_enabled=&#8221;off&#8221; button_one_letter_spacing__hover_enabled=&#8221;off&#8221; button_two_letter_spacing__hover_enabled=&#8221;off&#8221; button_bg_color__hover_enabled=&#8221;off&#8221; button_one_bg_color__hover_enabled=&#8221;off&#8221; button_two_bg_color__hover_enabled=&#8221;off&#8221;][\/et_pb_post_slider][\/et_pb_column][\/et_pb_row][\/et_pb_section][et_pb_section fb_built=&#8221;1&#8243; fullwidth=&#8221;on&#8221; _builder_version=&#8221;3.22&#8243;][et_pb_fullwidth_code]<iframe loading=\"lazy\" src=\"https:\/\/www.google.com\/maps\/embed?pb=!1m18!1m12!1m3!1d2881.586204303919!2d11.285146315501198!3d43.760688979117695!2m3!1f0!2f0!3f0!3m2!1i1024!2i768!4f13.1!3m3!1m2!1s0x132a5385d72c06e7%3A0x91772e6ffc331c4!2sAbratec%20S.r.l.!5e0!3m2!1sit!2sit!4v1569508402640!5m2!1sit!2sit\" width=\"100%\" height=\"450\" frameborder=\"0\" style=\"border:0;\" allowfullscreen=\"\"><\/iframe>[\/et_pb_fullwidth_code][\/et_pb_section][et_pb_section fb_built=&#8221;1&#8243; _builder_version=&#8221;3.22&#8243; custom_padding_tablet=&#8221;0px||0px|&#8221;][et_pb_row _builder_version=&#8221;3.25&#8243; background_size=&#8221;initial&#8221; background_position=&#8221;top_left&#8221; background_repeat=&#8221;repeat&#8221;][et_pb_column type=&#8221;4_4&#8243; _builder_version=&#8221;3.25&#8243; custom_padding=&#8221;|||&#8221; custom_padding__hover=&#8221;|||&#8221;][et_pb_contact_form email=&#8221;abratec@abratec.it&#8221; title=&#8221;kontakt&#8221; admin_label=&#8221;Contact Form&#8221; module_id=&#8221;et_pb_contact_form_0&#8243; _builder_version=&#8221;4.2&#8243; hover_enabled=&#8221;0&#8243; use_spam_service=&#8221;on&#8221; recaptcha_list=&#8221;Abratec|Abratec-0&#8243;][et_pb_contact_field field_id=&#8221;Name&#8221; field_title=&#8221;Name&#8221; _builder_version=&#8221;3.16&#8243; button_text_size__hover_enabled=&#8221;off&#8221; button_one_text_size__hover_enabled=&#8221;off&#8221; button_two_text_size__hover_enabled=&#8221;off&#8221; button_text_color__hover_enabled=&#8221;off&#8221; button_one_text_color__hover_enabled=&#8221;off&#8221; button_two_text_color__hover_enabled=&#8221;off&#8221; button_border_width__hover_enabled=&#8221;off&#8221; button_one_border_width__hover_enabled=&#8221;off&#8221; button_two_border_width__hover_enabled=&#8221;off&#8221; button_border_color__hover_enabled=&#8221;off&#8221; button_one_border_color__hover_enabled=&#8221;off&#8221; button_two_border_color__hover_enabled=&#8221;off&#8221; button_border_radius__hover_enabled=&#8221;off&#8221; button_one_border_radius__hover_enabled=&#8221;off&#8221; button_two_border_radius__hover_enabled=&#8221;off&#8221; button_letter_spacing__hover_enabled=&#8221;off&#8221; button_one_letter_spacing__hover_enabled=&#8221;off&#8221; button_two_letter_spacing__hover_enabled=&#8221;off&#8221; button_bg_color__hover_enabled=&#8221;off&#8221; button_one_bg_color__hover_enabled=&#8221;off&#8221; button_two_bg_color__hover_enabled=&#8221;off&#8221;][\/et_pb_contact_field][et_pb_contact_field field_id=&#8221;Email&#8221; field_title=&#8221;E-Mail Adresse&#8221; field_type=&#8221;email&#8221; _builder_version=&#8221;3.16&#8243; button_text_size__hover_enabled=&#8221;off&#8221; button_one_text_size__hover_enabled=&#8221;off&#8221; button_two_text_size__hover_enabled=&#8221;off&#8221; button_text_color__hover_enabled=&#8221;off&#8221; button_one_text_color__hover_enabled=&#8221;off&#8221; button_two_text_color__hover_enabled=&#8221;off&#8221; button_border_width__hover_enabled=&#8221;off&#8221; button_one_border_width__hover_enabled=&#8221;off&#8221; button_two_border_width__hover_enabled=&#8221;off&#8221; button_border_color__hover_enabled=&#8221;off&#8221; button_one_border_color__hover_enabled=&#8221;off&#8221; button_two_border_color__hover_enabled=&#8221;off&#8221; button_border_radius__hover_enabled=&#8221;off&#8221; button_one_border_radius__hover_enabled=&#8221;off&#8221; button_two_border_radius__hover_enabled=&#8221;off&#8221; button_letter_spacing__hover_enabled=&#8221;off&#8221; button_one_letter_spacing__hover_enabled=&#8221;off&#8221; button_two_letter_spacing__hover_enabled=&#8221;off&#8221; button_bg_color__hover_enabled=&#8221;off&#8221; button_one_bg_color__hover_enabled=&#8221;off&#8221; button_two_bg_color__hover_enabled=&#8221;off&#8221;][\/et_pb_contact_field][et_pb_contact_field field_id=&#8221;Message&#8221; field_title=&#8221;Nachricht&#8221; field_type=&#8221;text&#8221; fullwidth_field=&#8221;on&#8221; _builder_version=&#8221;3.16&#8243; button_text_size__hover_enabled=&#8221;off&#8221; button_one_text_size__hover_enabled=&#8221;off&#8221; button_two_text_size__hover_enabled=&#8221;off&#8221; button_text_color__hover_enabled=&#8221;off&#8221; button_one_text_color__hover_enabled=&#8221;off&#8221; button_two_text_color__hover_enabled=&#8221;off&#8221; button_border_width__hover_enabled=&#8221;off&#8221; button_one_border_width__hover_enabled=&#8221;off&#8221; button_two_border_width__hover_enabled=&#8221;off&#8221; button_border_color__hover_enabled=&#8221;off&#8221; button_one_border_color__hover_enabled=&#8221;off&#8221; button_two_border_color__hover_enabled=&#8221;off&#8221; button_border_radius__hover_enabled=&#8221;off&#8221; button_one_border_radius__hover_enabled=&#8221;off&#8221; button_two_border_radius__hover_enabled=&#8221;off&#8221; button_letter_spacing__hover_enabled=&#8221;off&#8221; button_one_letter_spacing__hover_enabled=&#8221;off&#8221; button_two_letter_spacing__hover_enabled=&#8221;off&#8221; button_bg_color__hover_enabled=&#8221;off&#8221; button_one_bg_color__hover_enabled=&#8221;off&#8221; button_two_bg_color__hover_enabled=&#8221;off&#8221;][\/et_pb_contact_field][\/et_pb_contact_form][\/et_pb_column][\/et_pb_row][\/et_pb_section][et_pb_section fb_built=&#8221;1&#8243; admin_label=&#8221;Section&#8221; _builder_version=&#8221;3.6&#8243; background_color=&#8221;#3c3d41&#8243; custom_padding=&#8221;0px||0px|&#8221; transparent_background=&#8221;off&#8221; padding_mobile=&#8221;on&#8221; global_module=&#8221;37429&#8243;][et_pb_row column_structure=&#8221;1_2,1_4,1_4&#8243; use_custom_gutter=&#8221;on&#8221; gutter_width=&#8221;2&#8243; column_padding_mobile=&#8221;on&#8221; admin_label=&#8221;Row&#8221; _builder_version=&#8221;3.25&#8243; background_size=&#8221;initial&#8221; background_position=&#8221;top_left&#8221; background_repeat=&#8221;repeat&#8221; custom_padding=&#8221;50px||60px|&#8221;][et_pb_column type=&#8221;1_2&#8243; _builder_version=&#8221;3.25&#8243; custom_padding=&#8221;|||&#8221; custom_padding__hover=&#8221;|||&#8221;][et_pb_text admin_label=&#8221;Text&#8221; _builder_version=&#8221;3.27.4&#8243; text_font=&#8221;Raleway|on|||&#8221; text_text_color=&#8221;#ffffff&#8221; text_font_size=&#8221;28&#8243; text_line_height=&#8221;1.4em&#8221; background_size=&#8221;initial&#8221; background_position=&#8221;top_left&#8221; background_repeat=&#8221;repeat&#8221; module_alignment=&#8221;left&#8221; custom_margin=&#8221;||8px|&#8221; custom_css_main_element=&#8221;font-weight: 900;&#8221;]<\/p>\n<p>ABRATEC srl<\/p>\n<p>[\/et_pb_text][et_pb_text admin_label=&#8221;Text&#8221; _builder_version=&#8221;3.27.4&#8243; text_font=&#8221;Source Sans Pro||||&#8221; text_text_color=&#8221;#aaaaaa&#8221; text_font_size=&#8221;16&#8243; text_line_height=&#8221;1.5em&#8221; background_size=&#8221;initial&#8221; background_position=&#8221;top_left&#8221; background_repeat=&#8221;repeat&#8221; max_width=&#8221;300px&#8221; module_alignment=&#8221;left&#8221; custom_margin=&#8221;||30px|&#8221; custom_margin_tablet=&#8221;||10px|&#8221; custom_margin_phone=&#8221;&#8221; custom_margin_last_edited=&#8221;on|tablet&#8221; custom_padding=&#8221;0px|||&#8221;]<\/p>\n<p>Via Datini,23 &#8211; 50126 Firenze &#8211; Italia Tel +39-055-6812093 &#8211; +39-055-6813259 Fax +39-055-6813049<\/p>\n<p>[\/et_pb_text][et_pb_text admin_label=&#8221;Text&#8221; _builder_version=&#8221;4.2&#8243; text_font=&#8221;Source Sans Pro||||&#8221; text_text_color=&#8221;#aaaaaa&#8221; text_font_size=&#8221;12&#8243; text_line_height=&#8221;1.5em&#8221; background_size=&#8221;initial&#8221; background_position=&#8221;top_left&#8221; background_repeat=&#8221;repeat&#8221; max_width=&#8221;300px&#8221; module_alignment=&#8221;left&#8221; custom_padding=&#8221;0px|||&#8221;]<\/p>\n<p>\u00a9 2024 Abratec srl &#8211; C.F. &amp; P.I. 04888570480 \u2013 R.E.A. 497881<\/p>\n<p>[\/et_pb_text][\/et_pb_column][et_pb_column type=&#8221;1_4&#8243; _builder_version=&#8221;3.25&#8243; custom_padding=&#8221;|||&#8221; custom_padding__hover=&#8221;|||&#8221;][et_pb_text admin_label=&#8221;Text&#8221; _builder_version=&#8221;3.27.4&#8243; text_font=&#8221;Source Sans Pro|on|||&#8221; text_text_color=&#8221;#666666&#8243; text_font_size=&#8221;18&#8243; text_line_height=&#8221;1.4em&#8221; background_size=&#8221;initial&#8221; background_position=&#8221;top_left&#8221; background_repeat=&#8221;repeat&#8221; module_alignment=&#8221;left&#8221; custom_margin=&#8221;||8px|&#8221;]<\/p>\n<p>MENU<\/p>\n<p>[\/et_pb_text][et_pb_text admin_label=&#8221;Text&#8221; _builder_version=&#8221;3.27.4&#8243; text_font=&#8221;Source Sans Pro||||&#8221; text_text_color=&#8221;#ffffff&#8221; text_font_size=&#8221;18&#8243; text_line_height=&#8221;2.2em&#8221; background_size=&#8221;initial&#8221; background_position=&#8221;top_left&#8221; background_repeat=&#8221;repeat&#8221; module_alignment=&#8221;left&#8221; custom_padding=&#8221;0px|||&#8221;]<\/p>\n<p><span style=\"color: #ffffff;\"><a style=\"color: #ffffff;\" href=\"https:\/\/www.abratec.it\/de\/\">Startseite<\/a><\/span><br \/><span style=\"color: #ffffff;\"><a style=\"color: #ffffff;\" href=\"https:\/\/www.abratec.it\/de\/chi-siamo\/\">\u00dcber uns<\/a><\/span><br \/><span style=\"color: #ffffff;\"><a style=\"color: #ffffff;\" href=\"https:\/\/www.abratec.it\/de\/prodotti\/\">Produkte<\/a><\/span><br \/><span style=\"color: #ffffff;\"><a style=\"color: #ffffff;\" href=\"https:\/\/www.abratec.it\/de\/contatti\/\">Kontakt<\/a><\/span><\/p>\n<p>[\/et_pb_text][et_pb_text admin_label=&#8221;Text&#8221; _builder_version=&#8221;3.27.4&#8243; text_font=&#8221;Source Sans Pro||||&#8221; text_text_color=&#8221;#ffffff&#8221; text_font_size=&#8221;18&#8243; text_line_height=&#8221;1.3em&#8221; link_font_size=&#8221;13px&#8221; link_line_height=&#8221;0.4em&#8221; header_4_text_color=&#8221;#ffffff&#8221; header_4_font_size=&#8221;14px&#8221; background_size=&#8221;initial&#8221; background_position=&#8221;top_left&#8221; background_repeat=&#8221;repeat&#8221; module_alignment=&#8221;left&#8221; custom_padding=&#8221;0px|||&#8221;]<\/p>\n<h4>Rechtliche Hinweise<\/h4>\n<p><span style=\"color: #ffffff;\"><a style=\"color: #ffffff;\" href=\"https:\/\/www.abratec.it\/de\/informativa-sul-trattamento-dei-dati-personali\/\">Privacy<\/a><br \/><a style=\"color: #ffffff;\" href=\"https:\/\/www.abratec.it\/de\/condizioni-generali-di-vendita\/\">Algemeine Verkaufsbedingungen<\/a><\/span><\/p>\n<p>[\/et_pb_text][\/et_pb_column][et_pb_column type=&#8221;1_4&#8243; _builder_version=&#8221;3.25&#8243; custom_padding=&#8221;|||&#8221; custom_padding__hover=&#8221;|||&#8221;][\/et_pb_column][\/et_pb_row][\/et_pb_section]<\/p>\n","protected":false},"excerpt":{"rendered":"<p>PR\u00c4ZISIONSSCHLEIFWERKZEUGE F\u00dcR BESONDERE ANWENDUNGEN Das Benutzen von keramisch gebundenen CBN- oder Diamantschleifscheiben bietet die M\u00f6glichkeit, bei industriellem Schleifen und Sch\u00e4rfen von Werkzeugen eine h\u00f6here Produktivit\u00e4t zu erreichen. Dank der keramischen Bindungen kann man Schleifwerkzeuge herstellen, die \u2013 je nach Wunsch \u2013 mehr oder weniger por\u00f6s und sehr abtragungsf\u00e4hig sind. Au\u00dferdem weisen sie eine hervorragende Profilhaltigkeit [&hellip;]<\/p>\n","protected":false},"author":1,"featured_media":0,"parent":0,"menu_order":0,"comment_status":"closed","ping_status":"closed","template":"","meta":{"_et_pb_use_builder":"on","_et_pb_old_content":"<p>Questa \u00e8 una pagina di esempio. Differisce da un articolo del blog perch\u00e9 rimane in posizione fissa e appare nella navigazione del sito (nella maggior parte dei temi). Molte persone iniziano con una pagina informativa che li introduce ai potenziali visitatori. Che potrebbe dire un cosa del genere:<\/p><blockquote><p>Salve! Sono un pony express di giorno, un aspirante attore di notte e questo \u00e8 il mio blog. Vivo a Los Angeles, ho un bellissimo cane di nome Jack e adoro la pi\u00f1a colada. (E trovarmi sotto la pioggia.)<\/p><\/blockquote><p>...oppure qualche cosa del genere:<\/p><blockquote><p>La XYZ Doohickey Company \u00e8 stata fondata nel 1971 e da allora ha venduto cazzabubbole di qualit\u00e0 ai propri clienti. SI trova a Gotham City, XYZ impiega oltre 2.000 persone e produce le cose pi\u00f9 incredibili per la comunit\u00e0 di Gotham.<\/p><\/blockquote><p>Come nuovo utente WordPress, \u00e8 possibile andare <a href=\"http:\/\/www.abratec.it\/wp-admin\/\">sulla bacheca<\/a> per eliminare questa pagina e creare nuove pagine per i propri contenuti. Buon divertimento!<\/p>","_et_gb_content_width":"","footnotes":""},"class_list":["post-36443","page","type-page","status-publish","hentry"],"_links":{"self":[{"href":"https:\/\/www.abratec.it\/de\/wp-json\/wp\/v2\/pages\/36443"}],"collection":[{"href":"https:\/\/www.abratec.it\/de\/wp-json\/wp\/v2\/pages"}],"about":[{"href":"https:\/\/www.abratec.it\/de\/wp-json\/wp\/v2\/types\/page"}],"author":[{"embeddable":true,"href":"https:\/\/www.abratec.it\/de\/wp-json\/wp\/v2\/users\/1"}],"replies":[{"embeddable":true,"href":"https:\/\/www.abratec.it\/de\/wp-json\/wp\/v2\/comments?post=36443"}],"version-history":[{"count":20,"href":"https:\/\/www.abratec.it\/de\/wp-json\/wp\/v2\/pages\/36443\/revisions"}],"predecessor-version":[{"id":38181,"href":"https:\/\/www.abratec.it\/de\/wp-json\/wp\/v2\/pages\/36443\/revisions\/38181"}],"wp:attachment":[{"href":"https:\/\/www.abratec.it\/de\/wp-json\/wp\/v2\/media?parent=36443"}],"curies":[{"name":"wp","href":"https:\/\/api.w.org\/{rel}","templated":true}]}}